{"id":15,"date":"2020-08-26T07:39:58","date_gmt":"2020-08-26T07:39:58","guid":{"rendered":"http:\/\/daykemsupham.edu.vn\/?page_id=15"},"modified":"2023-11-03T02:31:26","modified_gmt":"2023-11-03T02:31:26","slug":"nhomgiasu","status":"publish","type":"page","link":"https:\/\/daykemsupham.edu.vn\/index.php\/nhomgiasu\/","title":{"rendered":"V\u1ec0 CH\u00daNG T\u00d4I"},"content":{"rendered":"\r\n  <div id=\"page-header-1297563323\" class=\"page-header-wrapper\">\n  <div class=\"page-title light simple-title\">\n\n    \n    <div class=\"page-title-inner container align-center text-center flex-row-col medium-flex-wrap\" >\n              <div class=\"title-wrapper flex-col\">\n          <h1 class=\"entry-title mb-0\">\n            TUY\u1ec2N D\u1ee4NG GIA S\u01af, GI\u00c1O VI\u00caN          <\/h1>\n        <\/div>\n                    <div class=\"title-content flex-col\">\n        <div class=\"title-breadcrumbs pb-half pt-half\"><nav class=\"woocommerce-breadcrumb breadcrumbs uppercase\">Trang ch\u1ee7<\/nav><\/div>      <\/div>\n    <\/div>\n\n       <\/div>\n    <\/div>\n  \r\n\r\n\t<section class=\"section\" id=\"section_1895710879\">\n\t\t<div class=\"bg section-bg fill bg-fill  bg-loaded\" >\n\n\t\t\t\n\t\t\t\n\t\t\t\n\n\t\t<\/div>\n\n\t\t<div class=\"section-content relative\">\n\t\t\t\r\n\r\n<div class=\"row\"  id=\"row-615514274\">\r\n\r\n\n\t<div id=\"col-434432768\" class=\"col medium-6 small-12 large-6\"  data-animate=\"bounceInUp\">\n\t\t<div class=\"col-inner\"  >\n\t\t\t\n\t\t\t\r\n\r\n<div class=\"is-divider divider clearfix\" style=\"max-width:100%;height:1px;background-color:rgb(0, 0, 0);\"><\/div>\r\n\r\n<p>Xem danh s\u00e1ch l\u1edbp d\u1ea1y k\u00e8m m\u1edbi nh\u1ea5t c\u1ee7a Trung t\u00e2m t\u1ea1i \u0111\u1ecba ch\u1ec9: <a href=\"https:\/\/www.facebook.com\/tuyengiasugiaovien24.7\/\">https:\/\/www.facebook.com\/tuyengiasugiaovien24.7\/<\/a><\/p>\r\n\r\n\t\t<\/div>\n\t\t\t<\/div>\n\n\t\r\n\n\t<div id=\"col-1724074510\" class=\"col medium-6 small-12 large-6\"  data-animate=\"bounceInDown\">\n\t\t<div class=\"col-inner\"  >\n\t\t\t\n\t\t\t\r\n\r\n<div dir=\"auto\"><strong>TH\u00d4NG B\u00c1O C\u1ee6A S\u1ede GI\u00c1O D\u1ee4C TPHCM\u00a0<\/strong><\/div>\r\n<div dir=\"auto\">S\u1edf Gi\u00e1o d\u1ee5c v\u00e0 \u0110\u00e0o t\u1ea1o TP. H\u1ed3 Ch\u00ed Minh tuy\u1ec3n d\u1ee5ng vi\u00ean ch\u1ee9c n\u0103m h\u1ecdc 2021-2022 nh\u01b0 sau:<\/div>\r\n<div dir=\"auto\">1. S\u1ed1 l\u01b0\u1ee3ng tuy\u1ec3n d\u1ee5ng: 441 ch\u1ec9 ti\u00eau<\/div>\r\n<div dir=\"auto\">2. H\u00ecnh th\u1ee9c tuy\u1ec3n d\u1ee5ng: Thi tuy\u1ec3n<\/div>\r\n<div dir=\"auto\">3. Th\u1eddi gian \u0111\u1ecba \u0111i\u1ec3m nh\u1eadn h\u1ed3 s\u01a1:<\/div>\r\n<div dir=\"auto\">\u2013 Th\u1eddi gian: k\u1ec3 t\u1eeb ng\u00e0y 19\/08\/2021 \u0111\u1ebfn h\u1ebft ng\u00e0y 18\/09\/2021<\/div>\r\n<div dir=\"auto\">\u2013 \u0110\u1ecba \u0111i\u1ec3m: Ph\u00f2ng Ti\u1ebfp c\u00f4ng d\u00e2n, S\u1edf Gi\u00e1o d\u1ee5c v\u00e0 \u0110\u00e0o t\u1ea1o, s\u1ed1 66-68 L\u00ea Th\u00e1nh T\u00f4n, ph\u01b0\u1eddng B\u1ebfn Ngh\u00e9, qu\u1eadn 1, TP. H\u1ed3 Ch\u00ed Minh.<\/div>\r\n\r\n\t\t<\/div>\n\t\t\t<\/div>\n\n\t\r\n\r\n<\/div>\r\n\r\n\t\t<\/div>\n\n\t\t\n<style>\n#section_1895710879 {\n  padding-top: 30px;\n  padding-bottom: 30px;\n}\n<\/style>\n\t<\/section>\n\t\r\n\t<section class=\"section\" id=\"section_195340651\">\n\t\t<div class=\"bg section-bg fill bg-fill  bg-loaded\" >\n\n\t\t\t\n\t\t\t\n\t\t\t\n\n\t\t<\/div>\n\n\t\t<div class=\"section-content relative\">\n\t\t\t\r\n\r\n<div class=\"row\"  id=\"row-36947639\">\r\n\r\n\n\t<div id=\"col-1376108334\" class=\"col medium-6 small-12 large-6\"  data-animate=\"bounceInDown\">\n\t\t<div class=\"col-inner\"  >\n\t\t\t\n\t\t\t\r\n\r\n\r\n\t\t<\/div>\n\t\t\t<\/div>\n\n\t\r\n\n\t<div id=\"col-1540470530\" class=\"col medium-6 small-12 large-6\"  data-animate=\"bounceInUp\">\n\t\t<div class=\"col-inner\"  >\n\t\t\t\n\t\t\t\r\n\r\n\r\n\t\t<\/div>\n\t\t\t<\/div>\n\n\t\r\n\r\n<\/div>\r\n\r\n\t\t<\/div>\n\n\t\t\n<style>\n#section_195340651 {\n  padding-top: 30px;\n  padding-bottom: 30px;\n}\n<\/style>\n\t<\/section>\n\t\r\n\t<section class=\"section\" id=\"section_1955336575\">\n\t\t<div class=\"bg section-bg fill bg-fill  bg-loaded\" >\n\n\t\t\t\n\t\t\t\n\t\t\t\n\n\t\t<\/div>\n\n\t\t<div class=\"section-content relative\">\n\t\t\t\r\n\r\n<div class=\"row\"  id=\"row-1584533277\">\r\n\r\n\n\t<div id=\"col-1338023809\" class=\"col small-12 large-12\"  data-animate=\"fadeInUp\">\n\t\t<div class=\"col-inner\" style=\"background-color:rgb(255,255,255);\" >\n\t\t\t\n\t\t\t\r\n\r\n<h2 style=\"text-align: center;\">\u00a0<\/h2>\r\n\r\n\t\t<\/div>\n\t\t\n<style>\n#col-1338023809 > .col-inner {\n  padding: 10px 10px 10px 10px;\n}\n<\/style>\n\t<\/div>\n\n\t\r\n\r\n<\/div>\r\n\r\n\t\t<\/div>\n\n\t\t\n<style>\n#section_1955336575 {\n  padding-top: 30px;\n  padding-bottom: 30px;\n  background-color: #aa2727;\n}\n<\/style>\n\t<\/section>\n\t\r\n\r\n","protected":false},"excerpt":{"rendered":"","protected":false},"author":1,"featured_media":0,"parent":0,"menu_order":0,"comment_status":"closed","ping_status":"closed","template":"","meta":[],"yoast_head":"<!-- This site is optimized with the Yoast SEO plugin v19.14 - https:\/\/yoast.com\/wordpress\/plugins\/seo\/ -->\n<title>V\u1ec0 CH\u00daNG T\u00d4I | TRUNG T\u00c2M GIA S\u01af S\u01af PH\u1ea0M LI\u00caN HOA<\/title>\n<meta name=\"robots\" content=\"index, follow, max-snippet:-1, max-image-preview:large, max-video-preview:-1\" \/>\n<link rel=\"canonical\" href=\"https:\/\/daykemsupham.edu.vn\/index.php\/nhomgiasu\/\" \/>\n<meta property=\"og:locale\" content=\"vi_VN\" \/>\n<meta property=\"og:type\" content=\"article\" \/>\n<meta property=\"og:title\" content=\"V\u1ec0 CH\u00daNG T\u00d4I | TRUNG T\u00c2M GIA S\u01af S\u01af PH\u1ea0M LI\u00caN HOA\" \/>\n<meta property=\"og:url\" content=\"https:\/\/daykemsupham.edu.vn\/index.php\/nhomgiasu\/\" \/>\n<meta property=\"og:site_name\" content=\"TRUNG T\u00c2M GIA S\u01af S\u01af PH\u1ea0M LI\u00caN HOA\" \/>\n<meta property=\"article:modified_time\" content=\"2023-11-03T02:31:26+00:00\" \/>\n<meta name=\"twitter:card\" content=\"summary_large_image\" \/>\n<meta name=\"twitter:label1\" content=\"\u01af\u1edbc t\u00ednh th\u1eddi gian \u0111\u1ecdc\" \/>\n\t<meta name=\"twitter:data1\" content=\"1 ph\u00fat\" \/>\n<script type=\"application\/ld+json\" class=\"yoast-schema-graph\">{\"@context\":\"https:\/\/schema.org\",\"@graph\":[{\"@type\":\"WebPage\",\"@id\":\"https:\/\/daykemsupham.edu.vn\/index.php\/nhomgiasu\/\",\"url\":\"https:\/\/daykemsupham.edu.vn\/index.php\/nhomgiasu\/\",\"name\":\"V\u1ec0 CH\u00daNG T\u00d4I | TRUNG T\u00c2M GIA S\u01af S\u01af PH\u1ea0M LI\u00caN HOA\",\"isPartOf\":{\"@id\":\"https:\/\/daykemsupham.edu.vn\/#website\"},\"datePublished\":\"2020-08-26T07:39:58+00:00\",\"dateModified\":\"2023-11-03T02:31:26+00:00\",\"breadcrumb\":{\"@id\":\"https:\/\/daykemsupham.edu.vn\/index.php\/nhomgiasu\/#breadcrumb\"},\"inLanguage\":\"vi\",\"potentialAction\":[{\"@type\":\"ReadAction\",\"target\":[\"https:\/\/daykemsupham.edu.vn\/index.php\/nhomgiasu\/\"]}]},{\"@type\":\"BreadcrumbList\",\"@id\":\"https:\/\/daykemsupham.edu.vn\/index.php\/nhomgiasu\/#breadcrumb\",\"itemListElement\":[{\"@type\":\"ListItem\",\"position\":1,\"name\":\"Trang ch\u1ee7\",\"item\":\"https:\/\/daykemsupham.edu.vn\/\"},{\"@type\":\"ListItem\",\"position\":2,\"name\":\"V\u1ec0 CH\u00daNG T\u00d4I\"}]},{\"@type\":\"WebSite\",\"@id\":\"https:\/\/daykemsupham.edu.vn\/#website\",\"url\":\"https:\/\/daykemsupham.edu.vn\/\",\"name\":\"TRUNG T\u00c2M GIA S\u01af S\u01af PH\u1ea0M LI\u00caN HOA\",\"description\":\"\",\"publisher\":{\"@id\":\"https:\/\/daykemsupham.edu.vn\/#\/schema\/person\/541566b20ae76355fe50b49911f7033b\"},\"potentialAction\":[{\"@type\":\"SearchAction\",\"target\":{\"@type\":\"EntryPoint\",\"urlTemplate\":\"https:\/\/daykemsupham.edu.vn\/?s={search_term_string}\"},\"query-input\":\"required name=search_term_string\"}],\"inLanguage\":\"vi\"},{\"@type\":[\"Person\",\"Organization\"],\"@id\":\"https:\/\/daykemsupham.edu.vn\/#\/schema\/person\/541566b20ae76355fe50b49911f7033b\",\"name\":\"giasusuphamlienhoa\",\"image\":{\"@type\":\"ImageObject\",\"inLanguage\":\"vi\",\"@id\":\"https:\/\/daykemsupham.edu.vn\/#\/schema\/person\/image\/\",\"url\":\"https:\/\/daykemsupham.edu.vn\/wp-content\/uploads\/2020\/08\/LIEN-HOA-04.png\",\"contentUrl\":\"https:\/\/daykemsupham.edu.vn\/wp-content\/uploads\/2020\/08\/LIEN-HOA-04.png\",\"width\":1113,\"height\":874,\"caption\":\"giasusuphamlienhoa\"},\"logo\":{\"@id\":\"https:\/\/daykemsupham.edu.vn\/#\/schema\/person\/image\/\"},\"sameAs\":[\"http:\/\/daykemsupham.edu.vn\"]}]}<\/script>\n<!-- \/ Yoast SEO plugin. -->","yoast_head_json":{"title":"V\u1ec0 CH\u00daNG T\u00d4I | TRUNG T\u00c2M GIA S\u01af S\u01af PH\u1ea0M LI\u00caN HOA","robots":{"index":"index","follow":"follow","max-snippet":"max-snippet:-1","max-image-preview":"max-image-preview:large","max-video-preview":"max-video-preview:-1"},"canonical":"https:\/\/daykemsupham.edu.vn\/index.php\/nhomgiasu\/","og_locale":"vi_VN","og_type":"article","og_title":"V\u1ec0 CH\u00daNG T\u00d4I | TRUNG T\u00c2M GIA S\u01af S\u01af PH\u1ea0M LI\u00caN HOA","og_url":"https:\/\/daykemsupham.edu.vn\/index.php\/nhomgiasu\/","og_site_name":"TRUNG T\u00c2M GIA S\u01af S\u01af PH\u1ea0M LI\u00caN HOA","article_modified_time":"2023-11-03T02:31:26+00:00","twitter_card":"summary_large_image","twitter_misc":{"\u01af\u1edbc t\u00ednh th\u1eddi gian \u0111\u1ecdc":"1 ph\u00fat"},"schema":{"@context":"https:\/\/schema.org","@graph":[{"@type":"WebPage","@id":"https:\/\/daykemsupham.edu.vn\/index.php\/nhomgiasu\/","url":"https:\/\/daykemsupham.edu.vn\/index.php\/nhomgiasu\/","name":"V\u1ec0 CH\u00daNG T\u00d4I | TRUNG T\u00c2M GIA S\u01af S\u01af PH\u1ea0M LI\u00caN HOA","isPartOf":{"@id":"https:\/\/daykemsupham.edu.vn\/#website"},"datePublished":"2020-08-26T07:39:58+00:00","dateModified":"2023-11-03T02:31:26+00:00","breadcrumb":{"@id":"https:\/\/daykemsupham.edu.vn\/index.php\/nhomgiasu\/#breadcrumb"},"inLanguage":"vi","potentialAction":[{"@type":"ReadAction","target":["https:\/\/daykemsupham.edu.vn\/index.php\/nhomgiasu\/"]}]},{"@type":"BreadcrumbList","@id":"https:\/\/daykemsupham.edu.vn\/index.php\/nhomgiasu\/#breadcrumb","itemListElement":[{"@type":"ListItem","position":1,"name":"Trang ch\u1ee7","item":"https:\/\/daykemsupham.edu.vn\/"},{"@type":"ListItem","position":2,"name":"V\u1ec0 CH\u00daNG T\u00d4I"}]},{"@type":"WebSite","@id":"https:\/\/daykemsupham.edu.vn\/#website","url":"https:\/\/daykemsupham.edu.vn\/","name":"TRUNG T\u00c2M GIA S\u01af S\u01af PH\u1ea0M LI\u00caN HOA","description":"","publisher":{"@id":"https:\/\/daykemsupham.edu.vn\/#\/schema\/person\/541566b20ae76355fe50b49911f7033b"},"potentialAction":[{"@type":"SearchAction","target":{"@type":"EntryPoint","urlTemplate":"https:\/\/daykemsupham.edu.vn\/?s={search_term_string}"},"query-input":"required name=search_term_string"}],"inLanguage":"vi"},{"@type":["Person","Organization"],"@id":"https:\/\/daykemsupham.edu.vn\/#\/schema\/person\/541566b20ae76355fe50b49911f7033b","name":"giasusuphamlienhoa","image":{"@type":"ImageObject","inLanguage":"vi","@id":"https:\/\/daykemsupham.edu.vn\/#\/schema\/person\/image\/","url":"https:\/\/daykemsupham.edu.vn\/wp-content\/uploads\/2020\/08\/LIEN-HOA-04.png","contentUrl":"https:\/\/daykemsupham.edu.vn\/wp-content\/uploads\/2020\/08\/LIEN-HOA-04.png","width":1113,"height":874,"caption":"giasusuphamlienhoa"},"logo":{"@id":"https:\/\/daykemsupham.edu.vn\/#\/schema\/person\/image\/"},"sameAs":["http:\/\/daykemsupham.edu.vn"]}]}},"_links":{"self":[{"href":"https:\/\/daykemsupham.edu.vn\/index.php\/wp-json\/wp\/v2\/pages\/15"}],"collection":[{"href":"https:\/\/daykemsupham.edu.vn\/index.php\/wp-json\/wp\/v2\/pages"}],"about":[{"href":"https:\/\/daykemsupham.edu.vn\/index.php\/wp-json\/wp\/v2\/types\/page"}],"author":[{"embeddable":true,"href":"https:\/\/daykemsupham.edu.vn\/index.php\/wp-json\/wp\/v2\/users\/1"}],"replies":[{"embeddable":true,"href":"https:\/\/daykemsupham.edu.vn\/index.php\/wp-json\/wp\/v2\/comments?post=15"}],"version-history":[{"count":17,"href":"https:\/\/daykemsupham.edu.vn\/index.php\/wp-json\/wp\/v2\/pages\/15\/revisions"}],"predecessor-version":[{"id":572,"href":"https:\/\/daykemsupham.edu.vn\/index.php\/wp-json\/wp\/v2\/pages\/15\/revisions\/572"}],"wp:attachment":[{"href":"https:\/\/daykemsupham.edu.vn\/index.php\/wp-json\/wp\/v2\/media?parent=15"}],"curies":[{"name":"wp","href":"https:\/\/api.w.org\/{rel}","templated":true}]}}