{"id":21,"date":"2020-08-26T07:47:07","date_gmt":"2020-08-26T07:47:07","guid":{"rendered":"http:\/\/daykemsupham.edu.vn\/?page_id=21"},"modified":"2024-08-23T11:58:07","modified_gmt":"2024-08-23T11:58:07","slug":"timgiasu","status":"publish","type":"page","link":"https:\/\/daykemsupham.edu.vn\/index.php\/timgiasu\/","title":{"rendered":"PH\u1ee4 HUYNH T\u00ccM GIA S\u01af"},"content":{"rendered":"  <div id=\"page-header-1626959378\" class=\"page-header-wrapper\">\n  <div class=\"page-title light simple-title\">\n\n    \n    <div class=\"page-title-inner container align-center text-center flex-row-col medium-flex-wrap\" >\n              <div class=\"title-wrapper flex-col\">\n          <h1 class=\"entry-title mb-0\">\n            GI\u1ea2I \u0110\u00c1P TH\u1eaeC M\u1eaeC C\u1ee6A PH\u1ee4 HUYNH          <\/h1>\n        <\/div>\n                    <div class=\"title-content flex-col\">\n        <div class=\"title-breadcrumbs pb-half pt-half\"><nav class=\"woocommerce-breadcrumb breadcrumbs uppercase\">Trang ch\u1ee7<\/nav><\/div>      <\/div>\n    <\/div>\n\n       <\/div>\n    <\/div>\n  \n<p><em><strong>D\u01b0\u1edbi \u0111\u00e2y l\u00e0 m\u1ed9t s\u1ed1 c\u00e2u h\u1ecfi m\u00e0 Qu\u00fd ph\u1ee5 huynh\/h\u1ecdc vi\u00ean hay h\u1ecfi khi c\u1ea7n gia s\u01b0. Qu\u00fd anh ch\u1ecb em c\u00f3 th\u1ec3 \u0111\u1ecdc \u0111\u1ec3 hi\u1ec3u r\u00f5 h\u01a1n v\u00e0 khi c\u1ea7n gia s\u01b0\u00a0<\/strong><\/em><\/p>\n<div class=\"accordion\" rel=\"\">\n<div class=\"accordion-item\"><a href=\"#\" class=\"accordion-title plain\"><button class=\"toggle\"><i class=\"icon-angle-down\"><\/i><\/button><span>Gi\u00e1 d\u1ecbch v\u1ee5 d\u1ea1y k\u00e8m b\u00ean em nh\u01b0 th\u1ebf n\u00e0o?<\/span><\/a><div class=\"accordion-inner\">\n<p><em>D\u01b0\u1edbi \u0111\u00e2y Trung t\u00e2m xin b\u00e1o gi\u00e1 d\u1ecbch v\u1ee5 d\u1ea1y k\u00e8m c\u01a1 b\u1ea3n <span style=\"color: #00a859;\">t\u00ednh theo th\u1eddi gi\u00e1 th\u1ecb tr\u01b0\u1eddng<\/span> cho anh ch\u1ecb em ph\u1ee5 huynh\/h\u1ecdc vi\u00ean tham kh\u1ea3o. M\u1ee9c gi\u00e1 n\u00e0y \u00e1p d\u1ee5ng cho nh\u1eefng l\u1edbp d\u1ea1y b\u00ecnh th\u01b0\u1eddng. Ri\u00eang v\u1edbi m\u1ed9t s\u1ed1 tr\u01b0\u1eddng h\u1ee3p m\u00e0 ph\u1ee5 huynh c\u00f3 <span style=\"color: #ed1c24;\">y\u00eau c\u1ea7u r\u1ea5t cao<\/span> v\u1ec1 th\u00e0nh t\u00edch gia s\u01b0\/tuy\u1ec3n ch\u1ecdn gi\u00e1o vi\u00ean \u0111\u1ee9ng l\u1edbp nhi\u1ec1u n\u0103m kinh nghi\u1ec7m\/luy\u1ec7n thi tuy\u1ec3n sinh\/luy\u1ec7n thi \u0111\u1ea1i h\u1ecdc\/nh\u1eefng m\u00f4n h\u1ecdc \u0111\u1eb7c th\u00f9 hi\u1ebfm c\u00f3 ng\u01b0\u1eddi d\u1ea1y th\u00ec m\u1ee9c h\u1ecdc ph\u00ed s\u1ebd cao h\u01a1n m\u1ee9c \u0111\u1ec1 xu\u1ea5t ho\u1eb7c gi\u00e1 do ng\u01b0\u1eddi d\u1ea1y \u0111\u01b0a ra.<\/em><\/p>\n<p>LI\u00caN H\u1ec6 <span style=\"color: #00a859;\">T\u00ccM GIA S\u01af MI\u1ec4N PH\u00cd<\/span>\u00a0 <a href=\"http:\/\/m.me\/giasukhongthuphitphcm\">http:\/\/m.me\/giasukhongthuphitphcm<\/a><\/p>\n\t<div class=\"img has-hover x md-x lg-x y md-y lg-y\" id=\"image_1557824287\">\n\t\t\t\t\t\t\t\t<div class=\"img-inner dark\" >\n\t\t\t<img width=\"1020\" height=\"329\" src=\"https:\/\/daykemsupham.edu.vn\/wp-content\/uploads\/2021\/08\/z2713363785919_0c24e371ffc90176cc6ca9b666f5a120-1-1024x330.jpg\" class=\"attachment-large size-large\" alt=\"\" decoding=\"async\" loading=\"lazy\" srcset=\"https:\/\/daykemsupham.edu.vn\/wp-content\/uploads\/2021\/08\/z2713363785919_0c24e371ffc90176cc6ca9b666f5a120-1-1024x330.jpg 1024w, https:\/\/daykemsupham.edu.vn\/wp-content\/uploads\/2021\/08\/z2713363785919_0c24e371ffc90176cc6ca9b666f5a120-1-510x164.jpg 510w, https:\/\/daykemsupham.edu.vn\/wp-content\/uploads\/2021\/08\/z2713363785919_0c24e371ffc90176cc6ca9b666f5a120-1-300x97.jpg 300w, https:\/\/daykemsupham.edu.vn\/wp-content\/uploads\/2021\/08\/z2713363785919_0c24e371ffc90176cc6ca9b666f5a120-1-768x247.jpg 768w, https:\/\/daykemsupham.edu.vn\/wp-content\/uploads\/2021\/08\/z2713363785919_0c24e371ffc90176cc6ca9b666f5a120-1-600x193.jpg 600w, https:\/\/daykemsupham.edu.vn\/wp-content\/uploads\/2021\/08\/z2713363785919_0c24e371ffc90176cc6ca9b666f5a120-1.jpg 1149w\" sizes=\"(max-width: 1020px) 100vw, 1020px\" \/>\t\t\t\t\t\t\n\t\t\t\t\t<\/div>\n\t\t\t\t\t\t\t\t\n<style>\n#image_1557824287 {\n  width: 100%;\n}\n<\/style>\n\t<\/div>\n\t\n\t<div class=\"img has-hover x md-x lg-x y md-y lg-y\" id=\"image_165682237\">\n\t\t\t\t\t\t\t\t<div class=\"img-inner dark\" >\n\t\t\t<img width=\"1020\" height=\"333\" src=\"https:\/\/daykemsupham.edu.vn\/wp-content\/uploads\/2021\/08\/z2713379253895_5a2e4f1f7c4cb47f995e92b46d1802ca-1024x334.jpg\" class=\"attachment-large size-large\" alt=\"\" decoding=\"async\" loading=\"lazy\" srcset=\"https:\/\/daykemsupham.edu.vn\/wp-content\/uploads\/2021\/08\/z2713379253895_5a2e4f1f7c4cb47f995e92b46d1802ca-1024x334.jpg 1024w, https:\/\/daykemsupham.edu.vn\/wp-content\/uploads\/2021\/08\/z2713379253895_5a2e4f1f7c4cb47f995e92b46d1802ca-510x166.jpg 510w, https:\/\/daykemsupham.edu.vn\/wp-content\/uploads\/2021\/08\/z2713379253895_5a2e4f1f7c4cb47f995e92b46d1802ca-300x98.jpg 300w, https:\/\/daykemsupham.edu.vn\/wp-content\/uploads\/2021\/08\/z2713379253895_5a2e4f1f7c4cb47f995e92b46d1802ca-768x251.jpg 768w, https:\/\/daykemsupham.edu.vn\/wp-content\/uploads\/2021\/08\/z2713379253895_5a2e4f1f7c4cb47f995e92b46d1802ca-600x196.jpg 600w, https:\/\/daykemsupham.edu.vn\/wp-content\/uploads\/2021\/08\/z2713379253895_5a2e4f1f7c4cb47f995e92b46d1802ca.jpg 1158w\" sizes=\"(max-width: 1020px) 100vw, 1020px\" \/>\t\t\t\t\t\t\n\t\t\t\t\t<\/div>\n\t\t\t\t\t\t\t\t\n<style>\n#image_165682237 {\n  width: 100%;\n}\n<\/style>\n\t<\/div>\n\t\n\t<div class=\"img has-hover x md-x lg-x y md-y lg-y\" id=\"image_1208937390\">\n\t\t\t\t\t\t\t\t<div class=\"img-inner dark\" >\n\t\t\t<img width=\"1020\" height=\"323\" src=\"https:\/\/daykemsupham.edu.vn\/wp-content\/uploads\/2021\/08\/z2713387979486_3d53ebe1a7144429f19d24d928b1813f-1024x324.jpg\" class=\"attachment-large size-large\" alt=\"\" decoding=\"async\" loading=\"lazy\" srcset=\"https:\/\/daykemsupham.edu.vn\/wp-content\/uploads\/2021\/08\/z2713387979486_3d53ebe1a7144429f19d24d928b1813f-1024x324.jpg 1024w, https:\/\/daykemsupham.edu.vn\/wp-content\/uploads\/2021\/08\/z2713387979486_3d53ebe1a7144429f19d24d928b1813f-510x161.jpg 510w, https:\/\/daykemsupham.edu.vn\/wp-content\/uploads\/2021\/08\/z2713387979486_3d53ebe1a7144429f19d24d928b1813f-300x95.jpg 300w, https:\/\/daykemsupham.edu.vn\/wp-content\/uploads\/2021\/08\/z2713387979486_3d53ebe1a7144429f19d24d928b1813f-768x243.jpg 768w, https:\/\/daykemsupham.edu.vn\/wp-content\/uploads\/2021\/08\/z2713387979486_3d53ebe1a7144429f19d24d928b1813f-600x190.jpg 600w, https:\/\/daykemsupham.edu.vn\/wp-content\/uploads\/2021\/08\/z2713387979486_3d53ebe1a7144429f19d24d928b1813f.jpg 1159w\" sizes=\"(max-width: 1020px) 100vw, 1020px\" \/>\t\t\t\t\t\t\n\t\t\t\t\t<\/div>\n\t\t\t\t\t\t\t\t\n<style>\n#image_1208937390 {\n  width: 100%;\n}\n<\/style>\n\t<\/div>\n\t\n\t<div class=\"img has-hover x md-x lg-x y md-y lg-y\" id=\"image_1286144779\">\n\t\t\t\t\t\t\t\t<div class=\"img-inner dark\" >\n\t\t\t<img width=\"1020\" height=\"327\" src=\"https:\/\/daykemsupham.edu.vn\/wp-content\/uploads\/2021\/08\/z2713395510209_993d9b7c9edfc9b01e499485a6f5cbd7-1024x328.jpg\" class=\"attachment-large size-large\" alt=\"\" decoding=\"async\" loading=\"lazy\" srcset=\"https:\/\/daykemsupham.edu.vn\/wp-content\/uploads\/2021\/08\/z2713395510209_993d9b7c9edfc9b01e499485a6f5cbd7-1024x328.jpg 1024w, https:\/\/daykemsupham.edu.vn\/wp-content\/uploads\/2021\/08\/z2713395510209_993d9b7c9edfc9b01e499485a6f5cbd7-510x164.jpg 510w, https:\/\/daykemsupham.edu.vn\/wp-content\/uploads\/2021\/08\/z2713395510209_993d9b7c9edfc9b01e499485a6f5cbd7-300x96.jpg 300w, https:\/\/daykemsupham.edu.vn\/wp-content\/uploads\/2021\/08\/z2713395510209_993d9b7c9edfc9b01e499485a6f5cbd7-768x246.jpg 768w, https:\/\/daykemsupham.edu.vn\/wp-content\/uploads\/2021\/08\/z2713395510209_993d9b7c9edfc9b01e499485a6f5cbd7-600x192.jpg 600w, https:\/\/daykemsupham.edu.vn\/wp-content\/uploads\/2021\/08\/z2713395510209_993d9b7c9edfc9b01e499485a6f5cbd7.jpg 1157w\" sizes=\"(max-width: 1020px) 100vw, 1020px\" \/>\t\t\t\t\t\t\n\t\t\t\t\t<\/div>\n\t\t\t\t\t\t\t\t\n<style>\n#image_1286144779 {\n  width: 100%;\n}\n<\/style>\n\t<\/div>\n\t\n<\/div><\/div>\n<div class=\"accordion-item\"><a href=\"#\" class=\"accordion-title plain\"><button class=\"toggle\"><i class=\"icon-angle-down\"><\/i><\/button><span>B\u00ean em h\u1ed7 tr\u1ee3 tuy\u1ec3n gia s\u01b0 khu v\u1ef1c n\u00e0o?<\/span><\/a><div class=\"accordion-inner\">\n<p><em>B\u00ean em h\u1ed7 tr\u1ee3 ki\u1ebfm gia s\u01b0 to\u00e0n qu\u1ed1c nh\u01b0ng chuy\u00ean tuy\u1ec3n gia s\u01b0 cho <span style=\"color: #50b848;\">TPHCM<\/span> v\u00e0 c\u00e1c t\u1ec9nh ti\u1ebfp gi\u00e1p TPHCM.<\/em><\/p>\n<\/div><\/div>\n<\/div>\n<div class=\"accordion\" rel=\"\">\n<div class=\"accordion-item\"><a href=\"#\" class=\"accordion-title plain\"><button class=\"toggle\"><i class=\"icon-angle-down\"><\/i><\/button><span>T\u00f4i c\u00f3 \u0111\u01b0\u1ee3c quy\u1ec1n ch\u1ecdn gia s\u01b0 hay kh\u00f4ng?<\/span><\/a><div class=\"accordion-inner\">\n<p><em>Qu\u00fd kh\u00e1ch h\u00e0ng \u0111\u01b0\u1ee3c y\u00eau c\u1ea7u gi\u1edbi t\u00ednh, \u0111\u1ed9 tu\u1ed5i, tr\u00ecnh \u0111\u1ed9, tr\u01b0\u1eddng, chuy\u00ean ng\u00e0nh h\u1ecdc,.. c\u1ee7a gia s\u01b0 khi nh\u1edd S\u01b0 Ph\u1ea1m Li\u00ean Hoa tuy\u1ec3n ch\u1ecdn gia s\u01b0 cho con m\u00ecnh. Ch\u00fang t\u00f4i s\u1ebd tuy\u1ec3n ch\u1ecdn gia s\u01b0 \u0111\u00fang v\u1edbi y\u00eau c\u1ea7u ph\u1ee5 huynh nh\u1ea5t.<\/em><\/p>\n<\/div><\/div>\n<div class=\"accordion-item\"><a href=\"#\" class=\"accordion-title plain\"><button class=\"toggle\"><i class=\"icon-angle-down\"><\/i><\/button><span>T\u00f4i c\u00f3 \u0111\u01b0\u1ee3c th\u01b0\u01a1ng l\u01b0\u1ee3ng gi\u00e1 th\u1ea5p h\u01a1n so v\u1edbi gi\u00e1 th\u1ecb tr\u01b0\u1eddng hay \u0111\u1ec1 xu\u1ea5t  gi\u00e1 c\u1ee7a Trung t\u00e2m kh\u00f4ng?<\/span><\/a><div class=\"accordion-inner\">\n<p><em>V\u1eabn \u0111\u01b0\u1ee3c \u1ea1! N\u1ebfu anh ch\u1ecb g\u1eb7p kh\u00f3 kh\u0103n v\u1ec1 kinh t\u1ebf m\u00e0 v\u1eabn mu\u1ed1n cho con em h\u1ecdc. Tuy nhi\u00ean, th\u1eddi gian c\u00f3 gia s\u01b0 s\u1ebd <strong>l\u00e2u h\u01a1n<\/strong> so v\u1edbi c\u00e1c ph\u1ee5 huynh kh\u00e1c. B\u00ean Trung t\u00e2m v\u1eabn h\u1ed7 tr\u1ee3 anh ch\u1ecb \u0111\u01b0\u1ee3c n\u00ean anh ch\u1ecb \u0111\u1eebng lo.<\/em><\/p>\n<\/div><\/div>\n<div class=\"accordion-item\"><a href=\"#\" class=\"accordion-title plain\"><button class=\"toggle\"><i class=\"icon-angle-down\"><\/i><\/button><span>Th\u1eddi gian tuy\u1ec3n gia s\u01b0 c\u1ee7a b\u00ean em l\u00e0 bao l\u00e2u?<\/span><\/a><div class=\"accordion-inner\">\n<p><em>D\u1ea1 th\u1eddi gian c\u00f3 gia s\u01b0 b\u00ean em ph\u1ee5 thu\u1ed9c v\u00e0o s\u1ed1 l\u01b0\u1ee3ng gia s\u01b0 c\u00f2n tr\u1ed1ng c\u1ee7a gia s\u01b0, th\u1eddi gian anh ch\u1ecb tuy\u1ec3n gia s\u01b0 (\u0111ang h\u00e8\/\u0111ang v\u00f4 h\u1ecdc). V\u1edbi \u0111\u1ed9i ng\u0169 h\u01a1n 30 000 gia s\u01b0 th\u00ec b\u00ean em b\u1ea3o \u0111\u1ea3m cho anh ch\u1ecb c\u00f3 gia s\u01b0 trong ng\u00e0y ho\u1eb7c v\u00e0i ng\u00e0y. Tuy nhi\u00ean, n\u1ebfu anh ch\u1ecb \u1edf xa (C\u1ee7 Chi, Nh\u00e0 B\u00e8, \u1edf t\u1ec9nh&#8230;) th\u00ec th\u1eddi gian c\u00f3 gia s\u01b0 s\u1ebd l\u00e2u h\u01a1n m\u1ed9t ch\u00fat.<\/em><\/p>\n<\/div><\/div>\n<\/div>\n<div class=\"accordion\" rel=\"\">\n<div class=\"accordion-item\"><a href=\"#\" class=\"accordion-title plain\"><button class=\"toggle\"><i class=\"icon-angle-down\"><\/i><\/button><span>C\u00f3 ph\u1ea3i \u0111\u00f3ng th\u00eam kho\u1ea3n n\u00e0o ngo\u00e0i ti\u1ec1n h\u1ecdc ph\u00ed kh\u00f4ng \u1ea1?<\/span><\/a><div class=\"accordion-inner\">\n<p><em>Ph\u00ed t\u00ecm gia s\u01b0 l\u00e0 <span style=\"color: #50b848;\"><strong>mi\u1ec5n ph\u00ed<\/strong><\/span> anh ch\u1ecb em y\u00ean t\u00e2m khi nh\u1edd S\u01b0 Ph\u1ea1m Li\u00ean Hoa tuy\u1ec3n ch\u1ecdn gia s\u01b0.<\/em><\/p>\n<\/div><\/div>\n<div class=\"accordion-item\"><a href=\"#\" class=\"accordion-title plain\"><button class=\"toggle\"><i class=\"icon-angle-down\"><\/i><\/button><span>Ti\u1ec1n h\u1ecdc ph\u00ed s\u1ebd \u0111\u01b0\u1ee3c tr\u1ea3 nh\u01b0 th\u1ebf n\u00e0o \u1ea1?<\/span><\/a><div class=\"accordion-inner\">\n<p><em>H\u1ecdc ph\u00ed s\u1ebd \u0111\u01b0\u1ee3c g\u1eedi gia s\u01b0 v\u00e0o 1 ng\u00e0y c\u1ed1 \u0111\u1ecbnh trong th\u00e1ng\/cu\u1ed1i th\u00e1ng theo s\u1ef1 th\u1ecfa thu\u1eadn hai b\u00ean. T\u00f9y t\u00ecnh h\u00ecnh, h\u1ecdc ph\u00ed c\u0169ng c\u00f3 th\u1ec3 tr\u1ea3 l\u00e0m 2 l\u1ea7n m\u1ed9t th\u00e1ng. Ngo\u00e0i ra n\u1ebfu th\u1eddi gian h\u1ecdc c\u1ee7a h\u1ecdc vi\u00ean kh\u00f4ng \u1ed5n \u0111\u1ecbnh th\u00ec h\u1ecdc ph\u00ed c\u0169ng c\u00f3 th\u1ec3 tr\u1ea3 theo s\u1ed1 bu\u1ed5i h\u1ecdc. V\u00ed d\u1ee5, l\u01b0\u01a1ng l\u00e0 3tr\/th\u00e1ng 1 tu\u1ea7n h\u1ecdc 3 bu\u1ed5i th\u00ec \u0111\u1ebfn bu\u1ed5i s\u1ed1 12 th\u00ec qu\u00fd kh\u00e1ch s\u1ebd g\u1eedi h\u1ecdc ph\u00ed cho gia s\u01b0.<\/em><\/p>\n<\/div><\/div>\n<div class=\"accordion-item\"><a href=\"#\" class=\"accordion-title plain\"><button class=\"toggle\"><i class=\"icon-angle-down\"><\/i><\/button><span>N\u1ebfu h\u1ecdc th\u1eed xong m\u00e0 m\u00ecnh c\u1ea3m th\u1ea5y ch\u01b0a h\u00e0i l\u00f2ng v\u1ec1 gia s\u01b0?<\/span><\/a><div class=\"accordion-inner\">\n<p><em>Trung t\u00e2m gia s\u01b0 S\u01b0 Ph\u1ea1m Li\u00ean Hoa c\u00f3 ch\u00ednh s\u00e1ch h\u1ecdc th\u1eed 1 bu\u1ed5i mi\u1ec5n ph\u00ed cho h\u1ecdc vi\u00ean \u0111\u1ec3 h\u1ecdc vi\u00ean l\u00e0m quen v\u1edbi gia s\u01b0 xem c\u00f3 ph\u00f9 h\u1ee3p hay kh\u00f4ng. N\u1ebfu sau khi h\u1ecdc th\u1eed, n\u1ebfu c\u1ea3m th\u1ea5y gia s\u01b0 d\u1ea1y ch\u01b0a \u0111\u01b0\u1ee3c nh\u01b0 \u00fd v\u1edbi m\u00ecnh, h\u00e3y <strong><span style=\"color: #50b848;\">li\u00ean h\u1ec7 ngay<\/span><\/strong> v\u1edbi S\u01b0 Ph\u1ea1m Li\u00ean Hoa \u0111\u1ec3 \u0111\u01b0\u1ee3c \u0111\u1ed5i gia s\u01b0 ngay nh\u00e9 \u1ea1.<\/em><\/p>\n<\/div><\/div>\n<div class=\"accordion-item\"><a href=\"#\" class=\"accordion-title plain\"><button class=\"toggle\"><i class=\"icon-angle-down\"><\/i><\/button><span>Nh\u00e0 m\u00ecnh kh\u00f4ng c\u00f3 ch\u1ed7 \u0111\u1ec3 h\u1ecdc?<\/span><\/a><div class=\"accordion-inner\">\n<p><em>Kh\u00f4ng sao \u1ea1, hai b\u00ean gia s\u01b0 v\u00e0 h\u1ecdc vi\u00ean s\u1ebd th\u1ecfa thu\u1eadn \u0111\u1ecba \u0111i\u1ec3m trung gian \u0111\u1ec3 hai b\u00ean c\u00f9ng h\u1ecdc, \u0111\u1ecba \u0111i\u1ec3m n\u00e0y s\u1ebd g\u1ea7n \u0111\u1ec3 ti\u1ec7n hai b\u00ean \u0111i l\u1ea1i. S\u01b0 Ph\u1ea1m Li\u00ean Hoa gi\u1edbi thi\u1ec7u <span style=\"color: #50b848;\">Khu t\u1ef1 h\u1ecdc d\u00e3y B<\/span> \u2013 \u0110HSP TPHCM 280 An D\u01b0\u01a1ng V\u01b0\u01a1ng, P4, Q5, TPHCM \u0111\u1ec3 h\u1ecdc ho\u1eb7c anh ch\u1ecb c\u00f3 th\u1ec3 \u0111\u1ebfn c\u00e1c qu\u00e1n c\u00e0 ph\u00ea, tr\u00e0 s\u1eefa, th\u01b0 vi\u1ec7n&#8230; c\u00f3 kh\u00f4ng gian y\u00ean t\u0129nh \u0111\u1ec3 h\u1ecdc t\u1ed1t nh\u1ea5t.<\/em><\/p>\n<\/div><\/div>\n<div class=\"accordion-item\"><a href=\"#\" class=\"accordion-title plain\"><button class=\"toggle\"><i class=\"icon-angle-down\"><\/i><\/button><span>C\u00f3 c\u1ea7n ph\u1ea3i l\u00e0m h\u1ee3p \u0111\u1ed3ng g\u00ec kh\u00f4ng \u1ea1?<\/span><\/a><div class=\"accordion-inner\">\n<p><em>\u0110a s\u1ed1 c\u00e1c gia s\u01b0 qua l\u00e0m vi\u1ec7c v\u1edbi gia \u0111\u00ecnh qu\u00fd kh\u00e1ch h\u00e0ng s\u1ebd th\u1ecfa thu\u1eadn mi\u1ec7ng th\u1ed1ng nh\u1ea5t v\u1ec1 th\u1eddi gian d\u1ea1y, s\u1ed1 bu\u1ed5i, s\u1ed1 l\u01b0\u1ee3ng h\u1ecdc sinh, m\u00f4n h\u1ecdc, ng\u00e0y nh\u1eadn l\u01b0\u01a1ng. Tuy nhi\u00ean, khi qu\u00fd kh\u00e1ch h\u00e0ng c\u1ea7n h\u1ee3p \u0111\u1ed3ng, S\u01b0 Ph\u1ea1m Li\u00ean Hoa s\u1ebd cung c\u1ea5p m\u1eabu h\u1ee3p \u0111\u1ed3ng d\u1ea1y gia s\u01b0 hi\u1ec7n h\u00e0nh \u0111\u1ec3 gia s\u01b0 v\u00e0 ph\u1ee5 huynh c\u00f9ng k\u00fd k\u1ebft \u0111\u1ec3 gi\u00fap qu\u00fd kh\u00e1ch h\u00e0ng y\u00ean t\u00e2m h\u1ecdc h\u01a1n.<\/em><\/p>\n<\/div><\/div>\n<div class=\"accordion-item\"><a href=\"#\" class=\"accordion-title plain\"><button class=\"toggle\"><i class=\"icon-angle-down\"><\/i><\/button><span>N\u1ebfu c\u00f3 b\u1ea1n h\u1ecdc chung h\u1ecdc ph\u00ed s\u1ebd t\u00ednh nh\u01b0 th\u1ebf n\u00e0o?<\/span><\/a><div class=\"accordion-inner\">\n<p><em>H\u1ecdc ph\u00ed s\u1ebd \u0111\u01b0\u1ee3c gi\u1ea3m nh\u00e9 \u1ea1, v\u00ed d\u1ee5 1 tu\u1ea7n 2 bu\u1ed5i 1tr6\/th\u00e1ng th\u00ec khi h\u1ecdc hai b\u1ea1n h\u1ecdc ph\u00ed s\u1ebd l\u00e0 2tr\/th\u00e1ng chia \u0111\u1ec1u cho hai ng\u01b0\u1eddi, c\u00e0ng h\u1ecdc nhi\u1ec1u h\u1ecdc ph\u00ed c\u00e0ng gi\u1ea3m tuy nhi\u00ean ch\u00fang t\u00f4i kh\u00f4ng khuy\u1ebfn kh\u00edch \u0111i\u1ec1u \u0111\u00f3 v\u00ec h\u1ecdc c\u00e0ng nhi\u1ec1u b\u1ea1n th\u00ec s\u1ef1 hi\u1ec7u qu\u1ea3 s\u1ebd gi\u1ea3m \u0111i \u0111\u00f4i ch\u00fat do ng\u01b0\u1eddi th\u1ea7y ph\u1ea3i qu\u00e1n xuy\u1ebfn nhi\u1ec1u h\u1ecdc tr\u00f2.<\/em><\/p>\n<\/div><\/div>\n<div class=\"accordion-item\"><a href=\"#\" class=\"accordion-title plain\"><button class=\"toggle\"><i class=\"icon-angle-down\"><\/i><\/button><span>Gia s\u01b0 d\u1ea1y c\u00f3 cam k\u1ebft g\u00ec kh\u00f4ng?<\/span><\/a><div class=\"accordion-inner\">\n<p>Gia s\u01b0 \u0111\u01b0\u1ee3c S\u01b0 Ph\u1ea1m Li\u00ean Hoa tuy\u1ec3n ch\u1ecdn l\u00e0 nh\u1eefng gia s\u01b0 c\u00f3 ch\u1ea5t l\u01b0\u1ee3ng t\u1ed1t v\u00e0 gi\u1ea3ng d\u1ea1y b\u1eb1ng s\u1ef1 nhi\u1ec7t huy\u1ebft. Ch\u00fang t\u00f4i lu\u00f4n <em><strong>\u0111\u1ea3m b\u1ea3o s\u1ef1 ti\u1ebfn b\u1ed9 c\u1ee7a h\u1ecdc vi\u00ean<\/strong><\/em> n\u1ebfu nh\u01b0 qu\u00fd anh ch\u1ecb h\u1ecdc theo \u0111\u00fang ph\u01b0\u01a1ng ph\u00e1p gia s\u01b0 ch\u1ec9 d\u1eabn v\u00e0 s\u1ef1 si\u00eang n\u0103ng h\u1ecdc t\u1eadp. T\u00f9y n\u0103ng l\u1ef1c ti\u1ebfp thu v\u00e0 s\u1ef1 c\u1ed1 g\u1eafng c\u1ee7a h\u1ecdc vi\u00ean th\u01b0\u1eddng nhanh nh\u1ea5t l\u00e0 3 tu\u1ea7n c\u00f3 khi l\u00e2u h\u01a1n m\u1ed9t ch\u00fat. M\u1ed9t th\u1ea7y gi\u00e1o c\u00f3 chuy\u00ean m\u00f4n, c\u00f3 t\u00e2m bao gi\u1edd c\u0169ng c\u1ea7n m\u1ed9t h\u1ecdc sinh <strong><em>nghi\u00eam t\u00fac h\u1ecdc h\u00e0nh<\/em><\/strong> v\u00e0 ch\u1ecbu kh\u00f3 h\u1ecdc h\u1ecfi, \u0111i\u1ec1u n\u00e0y quy\u1ebft \u0111\u1ecbnh s\u1ef1 ti\u1ebfn b\u1ed9 c\u1ee7a h\u1ecdc vi\u00ean.<\/p>\n<\/div><\/div>\n<\/div>\n","protected":false},"excerpt":{"rendered":"<p>D\u01b0\u1edbi \u0111\u00e2y l\u00e0 m\u1ed9t s\u1ed1 c\u00e2u h\u1ecfi m\u00e0 Qu\u00fd ph\u1ee5 huynh\/h\u1ecdc vi\u00ean hay h\u1ecfi khi c\u1ea7n gia s\u01b0. Qu\u00fd anh ch\u1ecb em c\u00f3 th\u1ec3 \u0111\u1ecdc \u0111\u1ec3 hi\u1ec3u r\u00f5 h\u01a1n v\u00e0 khi c\u1ea7n gia s\u01b0\u00a0<\/p>\n","protected":false},"author":1,"featured_media":0,"parent":0,"menu_order":0,"comment_status":"closed","ping_status":"closed","template":"","meta":[],"yoast_head":"<!-- This site is optimized with the Yoast SEO plugin v19.14 - https:\/\/yoast.com\/wordpress\/plugins\/seo\/ -->\n<title>PH\u1ee4 HUYNH T\u00ccM GIA S\u01af | TRUNG T\u00c2M GIA S\u01af S\u01af PH\u1ea0M LI\u00caN HOA<\/title>\n<meta name=\"robots\" content=\"index, follow, max-snippet:-1, max-image-preview:large, max-video-preview:-1\" \/>\n<link rel=\"canonical\" href=\"https:\/\/daykemsupham.edu.vn\/index.php\/timgiasu\/\" \/>\n<meta property=\"og:locale\" content=\"vi_VN\" \/>\n<meta property=\"og:type\" content=\"article\" \/>\n<meta property=\"og:title\" content=\"PH\u1ee4 HUYNH T\u00ccM GIA S\u01af | TRUNG T\u00c2M GIA S\u01af S\u01af PH\u1ea0M LI\u00caN HOA\" \/>\n<meta property=\"og:description\" content=\"D\u01b0\u1edbi \u0111\u00e2y l\u00e0 m\u1ed9t s\u1ed1 c\u00e2u h\u1ecfi m\u00e0 Qu\u00fd ph\u1ee5 huynh\/h\u1ecdc vi\u00ean hay h\u1ecfi khi c\u1ea7n gia s\u01b0. Qu\u00fd anh ch\u1ecb em c\u00f3 th\u1ec3 \u0111\u1ecdc \u0111\u1ec3 hi\u1ec3u r\u00f5 h\u01a1n v\u00e0 khi c\u1ea7n gia s\u01b0\u00a0\" \/>\n<meta property=\"og:url\" content=\"https:\/\/daykemsupham.edu.vn\/index.php\/timgiasu\/\" \/>\n<meta property=\"og:site_name\" content=\"TRUNG T\u00c2M GIA S\u01af S\u01af PH\u1ea0M LI\u00caN HOA\" \/>\n<meta property=\"article:modified_time\" content=\"2024-08-23T11:58:07+00:00\" \/>\n<meta name=\"twitter:card\" content=\"summary_large_image\" \/>\n<meta name=\"twitter:label1\" content=\"\u01af\u1edbc t\u00ednh th\u1eddi gian \u0111\u1ecdc\" \/>\n\t<meta name=\"twitter:data1\" content=\"6 ph\u00fat\" \/>\n<script type=\"application\/ld+json\" class=\"yoast-schema-graph\">{\"@context\":\"https:\/\/schema.org\",\"@graph\":[{\"@type\":\"WebPage\",\"@id\":\"https:\/\/daykemsupham.edu.vn\/index.php\/timgiasu\/\",\"url\":\"https:\/\/daykemsupham.edu.vn\/index.php\/timgiasu\/\",\"name\":\"PH\u1ee4 HUYNH T\u00ccM GIA S\u01af | TRUNG T\u00c2M GIA S\u01af S\u01af PH\u1ea0M LI\u00caN HOA\",\"isPartOf\":{\"@id\":\"https:\/\/daykemsupham.edu.vn\/#website\"},\"datePublished\":\"2020-08-26T07:47:07+00:00\",\"dateModified\":\"2024-08-23T11:58:07+00:00\",\"breadcrumb\":{\"@id\":\"https:\/\/daykemsupham.edu.vn\/index.php\/timgiasu\/#breadcrumb\"},\"inLanguage\":\"vi\",\"potentialAction\":[{\"@type\":\"ReadAction\",\"target\":[\"https:\/\/daykemsupham.edu.vn\/index.php\/timgiasu\/\"]}]},{\"@type\":\"BreadcrumbList\",\"@id\":\"https:\/\/daykemsupham.edu.vn\/index.php\/timgiasu\/#breadcrumb\",\"itemListElement\":[{\"@type\":\"ListItem\",\"position\":1,\"name\":\"Trang ch\u1ee7\",\"item\":\"https:\/\/daykemsupham.edu.vn\/\"},{\"@type\":\"ListItem\",\"position\":2,\"name\":\"PH\u1ee4 HUYNH T\u00ccM GIA S\u01af\"}]},{\"@type\":\"WebSite\",\"@id\":\"https:\/\/daykemsupham.edu.vn\/#website\",\"url\":\"https:\/\/daykemsupham.edu.vn\/\",\"name\":\"TRUNG T\u00c2M GIA S\u01af S\u01af PH\u1ea0M LI\u00caN HOA\",\"description\":\"\",\"publisher\":{\"@id\":\"https:\/\/daykemsupham.edu.vn\/#\/schema\/person\/541566b20ae76355fe50b49911f7033b\"},\"potentialAction\":[{\"@type\":\"SearchAction\",\"target\":{\"@type\":\"EntryPoint\",\"urlTemplate\":\"https:\/\/daykemsupham.edu.vn\/?s={search_term_string}\"},\"query-input\":\"required name=search_term_string\"}],\"inLanguage\":\"vi\"},{\"@type\":[\"Person\",\"Organization\"],\"@id\":\"https:\/\/daykemsupham.edu.vn\/#\/schema\/person\/541566b20ae76355fe50b49911f7033b\",\"name\":\"giasusuphamlienhoa\",\"image\":{\"@type\":\"ImageObject\",\"inLanguage\":\"vi\",\"@id\":\"https:\/\/daykemsupham.edu.vn\/#\/schema\/person\/image\/\",\"url\":\"https:\/\/daykemsupham.edu.vn\/wp-content\/uploads\/2020\/08\/LIEN-HOA-04.png\",\"contentUrl\":\"https:\/\/daykemsupham.edu.vn\/wp-content\/uploads\/2020\/08\/LIEN-HOA-04.png\",\"width\":1113,\"height\":874,\"caption\":\"giasusuphamlienhoa\"},\"logo\":{\"@id\":\"https:\/\/daykemsupham.edu.vn\/#\/schema\/person\/image\/\"},\"sameAs\":[\"http:\/\/daykemsupham.edu.vn\"]}]}<\/script>\n<!-- \/ Yoast SEO plugin. -->","yoast_head_json":{"title":"PH\u1ee4 HUYNH T\u00ccM GIA S\u01af | TRUNG T\u00c2M GIA S\u01af S\u01af PH\u1ea0M LI\u00caN HOA","robots":{"index":"index","follow":"follow","max-snippet":"max-snippet:-1","max-image-preview":"max-image-preview:large","max-video-preview":"max-video-preview:-1"},"canonical":"https:\/\/daykemsupham.edu.vn\/index.php\/timgiasu\/","og_locale":"vi_VN","og_type":"article","og_title":"PH\u1ee4 HUYNH T\u00ccM GIA S\u01af | TRUNG T\u00c2M GIA S\u01af S\u01af PH\u1ea0M LI\u00caN HOA","og_description":"D\u01b0\u1edbi \u0111\u00e2y l\u00e0 m\u1ed9t s\u1ed1 c\u00e2u h\u1ecfi m\u00e0 Qu\u00fd ph\u1ee5 huynh\/h\u1ecdc vi\u00ean hay h\u1ecfi khi c\u1ea7n gia s\u01b0. Qu\u00fd anh ch\u1ecb em c\u00f3 th\u1ec3 \u0111\u1ecdc \u0111\u1ec3 hi\u1ec3u r\u00f5 h\u01a1n v\u00e0 khi c\u1ea7n gia s\u01b0\u00a0","og_url":"https:\/\/daykemsupham.edu.vn\/index.php\/timgiasu\/","og_site_name":"TRUNG T\u00c2M GIA S\u01af S\u01af PH\u1ea0M LI\u00caN HOA","article_modified_time":"2024-08-23T11:58:07+00:00","twitter_card":"summary_large_image","twitter_misc":{"\u01af\u1edbc t\u00ednh th\u1eddi gian \u0111\u1ecdc":"6 ph\u00fat"},"schema":{"@context":"https:\/\/schema.org","@graph":[{"@type":"WebPage","@id":"https:\/\/daykemsupham.edu.vn\/index.php\/timgiasu\/","url":"https:\/\/daykemsupham.edu.vn\/index.php\/timgiasu\/","name":"PH\u1ee4 HUYNH T\u00ccM GIA S\u01af | TRUNG T\u00c2M GIA S\u01af S\u01af PH\u1ea0M LI\u00caN HOA","isPartOf":{"@id":"https:\/\/daykemsupham.edu.vn\/#website"},"datePublished":"2020-08-26T07:47:07+00:00","dateModified":"2024-08-23T11:58:07+00:00","breadcrumb":{"@id":"https:\/\/daykemsupham.edu.vn\/index.php\/timgiasu\/#breadcrumb"},"inLanguage":"vi","potentialAction":[{"@type":"ReadAction","target":["https:\/\/daykemsupham.edu.vn\/index.php\/timgiasu\/"]}]},{"@type":"BreadcrumbList","@id":"https:\/\/daykemsupham.edu.vn\/index.php\/timgiasu\/#breadcrumb","itemListElement":[{"@type":"ListItem","position":1,"name":"Trang ch\u1ee7","item":"https:\/\/daykemsupham.edu.vn\/"},{"@type":"ListItem","position":2,"name":"PH\u1ee4 HUYNH T\u00ccM GIA S\u01af"}]},{"@type":"WebSite","@id":"https:\/\/daykemsupham.edu.vn\/#website","url":"https:\/\/daykemsupham.edu.vn\/","name":"TRUNG T\u00c2M GIA S\u01af S\u01af PH\u1ea0M LI\u00caN HOA","description":"","publisher":{"@id":"https:\/\/daykemsupham.edu.vn\/#\/schema\/person\/541566b20ae76355fe50b49911f7033b"},"potentialAction":[{"@type":"SearchAction","target":{"@type":"EntryPoint","urlTemplate":"https:\/\/daykemsupham.edu.vn\/?s={search_term_string}"},"query-input":"required name=search_term_string"}],"inLanguage":"vi"},{"@type":["Person","Organization"],"@id":"https:\/\/daykemsupham.edu.vn\/#\/schema\/person\/541566b20ae76355fe50b49911f7033b","name":"giasusuphamlienhoa","image":{"@type":"ImageObject","inLanguage":"vi","@id":"https:\/\/daykemsupham.edu.vn\/#\/schema\/person\/image\/","url":"https:\/\/daykemsupham.edu.vn\/wp-content\/uploads\/2020\/08\/LIEN-HOA-04.png","contentUrl":"https:\/\/daykemsupham.edu.vn\/wp-content\/uploads\/2020\/08\/LIEN-HOA-04.png","width":1113,"height":874,"caption":"giasusuphamlienhoa"},"logo":{"@id":"https:\/\/daykemsupham.edu.vn\/#\/schema\/person\/image\/"},"sameAs":["http:\/\/daykemsupham.edu.vn"]}]}},"_links":{"self":[{"href":"https:\/\/daykemsupham.edu.vn\/index.php\/wp-json\/wp\/v2\/pages\/21"}],"collection":[{"href":"https:\/\/daykemsupham.edu.vn\/index.php\/wp-json\/wp\/v2\/pages"}],"about":[{"href":"https:\/\/daykemsupham.edu.vn\/index.php\/wp-json\/wp\/v2\/types\/page"}],"author":[{"embeddable":true,"href":"https:\/\/daykemsupham.edu.vn\/index.php\/wp-json\/wp\/v2\/users\/1"}],"replies":[{"embeddable":true,"href":"https:\/\/daykemsupham.edu.vn\/index.php\/wp-json\/wp\/v2\/comments?post=21"}],"version-history":[{"count":52,"href":"https:\/\/daykemsupham.edu.vn\/index.php\/wp-json\/wp\/v2\/pages\/21\/revisions"}],"predecessor-version":[{"id":1049,"href":"https:\/\/daykemsupham.edu.vn\/index.php\/wp-json\/wp\/v2\/pages\/21\/revisions\/1049"}],"wp:attachment":[{"href":"https:\/\/daykemsupham.edu.vn\/index.php\/wp-json\/wp\/v2\/media?parent=21"}],"curies":[{"name":"wp","href":"https:\/\/api.w.org\/{rel}","templated":true}]}}