{"id":220,"date":"2020-08-28T03:39:57","date_gmt":"2020-08-28T03:39:57","guid":{"rendered":"http:\/\/daykemsupham.edu.vn\/?page_id=220"},"modified":"2020-08-28T10:44:05","modified_gmt":"2020-08-28T10:44:05","slug":"cap-i-hoc-thu-1b","status":"publish","type":"page","link":"https:\/\/daykemsupham.edu.vn\/index.php\/cap-i-hoc-thu-1b\/","title":{"rendered":"C\u1ea4P I (H\u1eccC TH\u1eec 1B)"},"content":{"rendered":"\n  <div id=\"page-header-1678282945\" class=\"page-header-wrapper\">\n  <div class=\"page-title light simple-title\">\n\n    \n    <div class=\"page-title-inner container align-center text-center flex-row-col medium-flex-wrap\" >\n              <div class=\"title-wrapper flex-col\">\n          <h1 class=\"entry-title mb-0\">\n            C\u1ea4P I (H\u1eccC TH\u1eec 1B)          <\/h1>\n        <\/div>\n                    <div class=\"title-content flex-col\">\n        <div class=\"title-breadcrumbs pb-half pt-half\"><nav class=\"woocommerce-breadcrumb breadcrumbs uppercase\">Trang ch\u1ee7<\/nav><\/div>      <\/div>\n    <\/div>\n\n       <\/div>\n    <\/div>\n  \n\n\t<section class=\"section\" id=\"section_1787123412\">\n\t\t<div class=\"bg section-bg fill bg-fill  bg-loaded\" >\n\n\t\t\t\n\t\t\t\n\t\t\t\n\n\t\t<\/div>\n\n\t\t<div class=\"section-content relative\">\n\t\t\t\n\n<div class=\"row\"  id=\"row-1842649207\">\n\n\n\t<div id=\"col-871199139\" class=\"col medium-6 small-12 large-6\"  >\n\t\t<div class=\"col-inner\"  >\n\t\t\t\n\t\t\t\n\n<p class=\"uppercase\"><strong>K\u00ednh th\u01b0a:\u00a0Qu\u00fd Ph\u1ee5 huynh h\u1ecdc sinh th\u00e2n m\u1ebfn!<\/strong><\/p>\n<p>C\u00e1c b\u1eadc Ph\u1ee5 huynh \u0111ang c\u1ea7n<a href=\"http:\/\/giasuhanoi.org\/gia-su-ha-noi\/GIA-SU-TIEU-HOC\/\">\u00a0<\/a>Gia s\u01b0 Ti\u1ec3u h\u1ecdc\u00a0cho con, em m\u00ecnh?<\/p>\n<p>TRUNG T\u00c2M GIA S\u01af S\u01af PH\u1ea0M v\u1edbi \u0111\u1ed9i ng\u0169 Gi\u00e1o vi\u00ean, Gia s\u01b0 Gi\u1ecfi To\u00e1n \u2013 Ti\u1ebfng Vi\u1ec7t , nhi\u1ec1u kinh nghi\u1ec7m, ph\u01b0\u01a1ng ph\u00e1p truy\u1ec1n \u0111\u1ea1t d\u1ec5 hi\u1ec3u, gi\u00fap h\u1ecdc sinh hi\u1ec3u b\u00e0i nhanh, l\u1ea5y nhanh ki\u1ebfn th\u1ee9c cho h\u1ecdc sinh y\u1ebfu k\u00e9m, c\u1ee7ng c\u1ed1 ki\u1ebfn th\u1ee9c cho h\u1ecdc sinh kh\u00e1, gi\u1ecfi v\u00e0 n\u00e2ng cao theo c\u00e1c chuy\u00ean \u0111\u1ec1 Luy\u1ec7n thi: Thi h\u1ecdc k\u1ef3, cu\u1ed1i k\u1ef3.<\/p>\n<p>Nh\u1eefng gi\u00e1o vi\u00ean, sinh vi\u00ean c\u00f3 kinh nghi\u1ec7m gi\u1ea3ng d\u1ea1y, c\u00f3 k\u1ef9 n\u0103ng s\u01b0 ph\u1ea1m\u00a0<\/p>\n<p>\u0110\u00e1nh gi\u00e1 v\u00e0 \u0111\u1ecbnh h\u01b0\u1edbng c\u00e1c d\u1ea1ng b\u00e0i t\u1eadp ph\u00f9 h\u1ee3p v\u1edbi n\u0103ng l\u1ef1c h\u1ecdc sinh, n\u1eafm b\u1eaft t\u00e2m l\u00fd c\u00f3 ph\u01b0\u01a1ng ph\u00e1p ph\u00f9 h\u1ee3p t\u1eebng \u0111\u1ed1i t\u01b0\u1ee3ng h\u1ecdc sinh<\/p>\n<p>Y\u00eau tr\u1ebb, t\u00e2m huy\u1ebft v\u1edbi ngh\u1ec1 v\u00e0 \u0111\u00e3 qua \u0111\u00e0o t\u1ea1o chuy\u00ean s\u00e2u v\u1ec1 ki\u1ebfn th\u1ee9c<\/p>\n\n\t\t<\/div>\n\t\t\t<\/div>\n\n\t\n\n\t<div id=\"col-2017710867\" class=\"col medium-6 small-12 large-6\"  >\n\t\t<div class=\"col-inner\"  >\n\t\t\t\n\t\t\t\n\n\t<div class=\"img has-hover x md-x lg-x y md-y lg-y\" id=\"image_1978957628\">\n\t\t\t\t\t\t\t\t<div class=\"img-inner dark\" >\n\t\t\t<img width=\"650\" height=\"366\" src=\"https:\/\/daykemsupham.edu.vn\/wp-content\/uploads\/2020\/08\/gia-su-cap-1.jpg\" class=\"attachment-large size-large\" alt=\"\" decoding=\"async\" loading=\"lazy\" srcset=\"https:\/\/daykemsupham.edu.vn\/wp-content\/uploads\/2020\/08\/gia-su-cap-1.jpg 650w, https:\/\/daykemsupham.edu.vn\/wp-content\/uploads\/2020\/08\/gia-su-cap-1-510x287.jpg 510w, https:\/\/daykemsupham.edu.vn\/wp-content\/uploads\/2020\/08\/gia-su-cap-1-300x169.jpg 300w, https:\/\/daykemsupham.edu.vn\/wp-content\/uploads\/2020\/08\/gia-su-cap-1-600x338.jpg 600w\" sizes=\"(max-width: 650px) 100vw, 650px\" \/>\t\t\t\t\t\t\n\t\t\t\t\t<\/div>\n\t\t\t\t\t\t\t\t\n<style>\n#image_1978957628 {\n  width: 100%;\n}\n<\/style>\n\t<\/div>\n\t\n\n\n\t\t<\/div>\n\t\t\t<\/div>\n\n\t\n\n<\/div>\n<div class=\"row\"  id=\"row-1115890801\">\n\n\n\t<div id=\"col-246138924\" class=\"col medium-6 small-12 large-6\"  >\n\t\t<div class=\"col-inner\"  >\n\t\t\t\n\t\t\t\n\n\t<div class=\"img has-hover x md-x lg-x y md-y lg-y\" id=\"image_1900211569\">\n\t\t\t\t\t\t\t\t<div class=\"img-inner dark\" >\n\t\t\t<img width=\"580\" height=\"360\" src=\"https:\/\/daykemsupham.edu.vn\/wp-content\/uploads\/2020\/08\/gia-su-cap-1-1.jpg\" class=\"attachment-large size-large\" alt=\"\" decoding=\"async\" loading=\"lazy\" srcset=\"https:\/\/daykemsupham.edu.vn\/wp-content\/uploads\/2020\/08\/gia-su-cap-1-1.jpg 580w, https:\/\/daykemsupham.edu.vn\/wp-content\/uploads\/2020\/08\/gia-su-cap-1-1-510x317.jpg 510w, https:\/\/daykemsupham.edu.vn\/wp-content\/uploads\/2020\/08\/gia-su-cap-1-1-300x186.jpg 300w\" sizes=\"(max-width: 580px) 100vw, 580px\" \/>\t\t\t\t\t\t\n\t\t\t\t\t<\/div>\n\t\t\t\t\t\t\t\t\n<style>\n#image_1900211569 {\n  width: 100%;\n}\n<\/style>\n\t<\/div>\n\t\n\n\n\t\t<\/div>\n\t\t\t<\/div>\n\n\t\n\n\t<div id=\"col-501681961\" class=\"col medium-6 small-12 large-6\"  >\n\t\t<div class=\"col-inner\"  >\n\t\t\t\n\t\t\t\n\n<p><strong>CH\u00daNG T\u00d4I CAM K\u1ebeT V\u1ec0 CH\u1ea4T L\u01af\u1ee2NG CHUY\u00caN M\u00d4N<\/strong><\/p>\n<p><em><strong>MI\u1ec4N PH\u00cd D\u1ea0Y TH\u1eec 1 BU\u1ed4I BAN \u0110\u1ea6U<\/strong><\/em><\/p>\n<p>H\u1ecdc sinh \u0111\u01b0\u1ee3c c\u1ee7ng c\u1ed1 l\u1ea1i ki\u1ebfn th\u1ee9c c\u0169<\/p>\n<p>H\u1ecdc sinh \u0111\u01b0\u1ee3c n\u00e2ng cao ki\u1ebfn th\u1ee9c m\u1edbi theo c\u00e1c chuy\u00ean \u0111\u1ec1 n\u00e2ng cao v\u1ec1 To\u00e1n v\u00e0 Ti\u1ebfng Vi\u1ec7t<\/p>\n<p>H\u1ecdc sinh \u0111\u01b0\u1ee3c th\u1ea7y, c\u00f4 Gia s\u01b0 r\u00e8n luy\u1ec7n t\u01b0 duy, logic v\u1ec1 To\u00e1n<\/p>\n<p>H\u00ecnh th\u00e0nh d\u1ea7n cho h\u1ecdc sinh t\u01b0 duy v\u1ec1 To\u00e1n h\u1ecdc<\/p>\n<p>\u0110\u01b0\u1ee3c r\u00e8n vi\u1ebft ch\u1eef \u0111\u1eb9p theo quy \u0111\u1ecbnh c\u1ee7a B\u1ed9 Gi\u00e1o d\u1ee5c<\/p>\n<p>H\u1ecdc sinh \u0111\u01b0\u1ee3c \u0111\u1ed1i tho\u1ea1i tr\u1ef1c ti\u1ebfp v\u1edbi th\u1ea7y, c\u00f4 gi\u00e1o \u0111\u1ec3 h\u1ecfi nh\u1eefng ki\u1ebfn th\u1ee9c v\u00e0 b\u00e0i t\u1eadp kh\u00f4ng hi\u1ec3u v\u00ec tr\u00ean l\u1edbp kh\u00f4ng d\u00e1m h\u1ecfi th\u1ea7y, c\u00f4 ho\u1eb7c kh\u00f4ng c\u00f3 th\u1eddi gian \u0111\u1ec3 h\u1ecfi th\u1ea7y, c\u00f4 gi\u00e1o tr\u00ean l\u1edbp.<\/p>\n\n\t\t<\/div>\n\t\t\t<\/div>\n\n\t\n\n<\/div>\n<div class=\"row\"  id=\"row-748152700\">\n\n\n\t<div id=\"col-1635812094\" class=\"col small-12 large-12\"  >\n\t\t<div class=\"col-inner\"  >\n\t\t\t\n\t\t\t\n\n<h2><strong>B\u1ea2NG GI\u00c1 THAM KH\u1ea2O<\/strong><\/h2>\n<table border=\"1\" cellspacing=\"1\" cellpadding=\"1\">\n<tbody>\n<tr>\n<td><strong>L\u1edaP H\u1eccC<\/strong><\/td>\n<td><strong>GIA S\u01af SINH VI\u00caN (VND\/BU\u1ed4I)<\/strong><\/td>\n<td><strong>GIA S\u01af GI\u00c1O VI\u00caN (VND\/BU\u1ed4I)<\/strong><\/td>\n<\/tr>\n<tr>\n<td><strong>C\u1ea5p I<\/strong><\/td>\n<td><strong>100.000 &#8211; 130.000\u00a0<\/strong><\/td>\n<td><strong>180.000 &#8211; 250.000<\/strong><\/td>\n<\/tr>\n<tr>\n<td><strong>C\u1ea5p II<\/strong><\/td>\n<td><strong>100.000 &#8211; 150.000<\/strong><\/td>\n<td><strong>200.000 &#8211; 250.000<\/strong><\/td>\n<\/tr>\n<tr>\n<td><strong>C\u1ea5p III<\/strong><\/td>\n<td><strong>120.000 &#8211; 150.000<\/strong><\/td>\n<td><strong>200.000 &#8211; 300.000<\/strong><\/td>\n<\/tr>\n<tr>\n<td><strong>Luy\u1ec7n Thi \u0110\u1ea1i H\u1ecdc<\/strong><\/td>\n<td><strong>120.000 &#8211; 150.000<\/strong><\/td>\n<td><strong>200.000 &#8211; 300.000<\/strong><\/td>\n<\/tr>\n<tr>\n<td><strong>H\u1ecdc Nh\u00f3m 2 Ng\u01b0\u1eddi<\/strong><\/td>\n<td>\n<p><strong><span style=\"color: #000000;\">-C\u1ea5p 1:\u00a0140.000 \u0111\u1ebfn 160.000<\/span><\/strong><\/p>\n<p><strong><span style=\"color: #000000;\">-C\u1ea5p 2:\u00a0140.000 \u0111\u1ebfn 170.000<\/span><\/strong><\/p>\n<p><strong><span style=\"color: #000000;\">-C\u1ea5p 3:\u00a0150.000 \u0111\u1ebfn 200.000<\/span><\/strong><\/p>\n<\/td>\n<td><strong>T\u1eeb 250.000 \u0111\u1ebfn 350.000<\/strong><\/td>\n<\/tr>\n<tr>\n<td><strong>H\u1ecdc Nh\u00f3m T\u1eeb 3 Ng\u01b0\u1eddi Tr\u1edf L\u00ean<\/strong><\/td>\n<td><strong>Theo s\u1ed1 l\u01b0\u1ee3ng h\u1ecdc sinh<\/strong><\/td>\n<td><strong>Theo s\u1ed1 l\u01b0\u1ee3ng h\u1ecdc sinh<\/strong><\/td>\n<\/tr>\n<\/tbody>\n<\/table>\n<p><strong>\u0110\u1ebfn v\u1edbi Trung t\u00e2m c\u1ee7a ch\u00fang t\u00f4i, qu\u00fd ph\u1ee5 huynh kh\u00f4ng ch\u1ec9 y\u00ean t\u00e2m v\u1ec1 ch\u1ea5t l\u01b0\u1ee3ng gi\u00e1o vi\u00ean m\u00e0 d\u1ecbch v\u1ee5 c\u1ee7a ch\u00fang t\u00f4i c\u00f2n r\u1ea5t h\u1ee3p l\u00fd, \u0111\u00e1p \u1ee9ng \u0111\u01b0\u1ee3c y\u00eau c\u1ea7u Kh\u00e1ch h\u00e0ng.<\/strong><\/p>\n\n\t\t<\/div>\n\t\t\t<\/div>\n\n\t\n\n<\/div>\n\n\t\t<\/div>\n\n\t\t\n<style>\n#section_1787123412 {\n  padding-top: 30px;\n  padding-bottom: 30px;\n}\n<\/style>\n\t<\/section>\n\t\n\n","protected":false},"excerpt":{"rendered":"","protected":false},"author":1,"featured_media":0,"parent":0,"menu_order":0,"comment_status":"closed","ping_status":"closed","template":"","meta":[],"yoast_head":"<!-- This site is optimized with the Yoast SEO plugin v19.14 - https:\/\/yoast.com\/wordpress\/plugins\/seo\/ -->\n<title>C\u1ea4P I (H\u1eccC TH\u1eec 1B) | TRUNG T\u00c2M GIA S\u01af S\u01af PH\u1ea0M LI\u00caN HOA<\/title>\n<meta name=\"robots\" content=\"index, follow, max-snippet:-1, max-image-preview:large, max-video-preview:-1\" \/>\n<link rel=\"canonical\" href=\"https:\/\/daykemsupham.edu.vn\/index.php\/cap-i-hoc-thu-1b\/\" \/>\n<meta property=\"og:locale\" content=\"vi_VN\" \/>\n<meta property=\"og:type\" content=\"article\" \/>\n<meta property=\"og:title\" content=\"C\u1ea4P I (H\u1eccC TH\u1eec 1B) | TRUNG T\u00c2M GIA S\u01af S\u01af PH\u1ea0M LI\u00caN HOA\" \/>\n<meta property=\"og:url\" content=\"https:\/\/daykemsupham.edu.vn\/index.php\/cap-i-hoc-thu-1b\/\" \/>\n<meta property=\"og:site_name\" content=\"TRUNG T\u00c2M GIA S\u01af S\u01af PH\u1ea0M LI\u00caN HOA\" \/>\n<meta property=\"article:modified_time\" content=\"2020-08-28T10:44:05+00:00\" \/>\n<meta name=\"twitter:card\" content=\"summary_large_image\" \/>\n<meta name=\"twitter:label1\" content=\"\u01af\u1edbc t\u00ednh th\u1eddi gian \u0111\u1ecdc\" \/>\n\t<meta name=\"twitter:data1\" content=\"3 ph\u00fat\" \/>\n<script type=\"application\/ld+json\" class=\"yoast-schema-graph\">{\"@context\":\"https:\/\/schema.org\",\"@graph\":[{\"@type\":\"WebPage\",\"@id\":\"https:\/\/daykemsupham.edu.vn\/index.php\/cap-i-hoc-thu-1b\/\",\"url\":\"https:\/\/daykemsupham.edu.vn\/index.php\/cap-i-hoc-thu-1b\/\",\"name\":\"C\u1ea4P I (H\u1eccC TH\u1eec 1B) | TRUNG T\u00c2M GIA S\u01af S\u01af PH\u1ea0M LI\u00caN HOA\",\"isPartOf\":{\"@id\":\"https:\/\/daykemsupham.edu.vn\/#website\"},\"datePublished\":\"2020-08-28T03:39:57+00:00\",\"dateModified\":\"2020-08-28T10:44:05+00:00\",\"breadcrumb\":{\"@id\":\"https:\/\/daykemsupham.edu.vn\/index.php\/cap-i-hoc-thu-1b\/#breadcrumb\"},\"inLanguage\":\"vi\",\"potentialAction\":[{\"@type\":\"ReadAction\",\"target\":[\"https:\/\/daykemsupham.edu.vn\/index.php\/cap-i-hoc-thu-1b\/\"]}]},{\"@type\":\"BreadcrumbList\",\"@id\":\"https:\/\/daykemsupham.edu.vn\/index.php\/cap-i-hoc-thu-1b\/#breadcrumb\",\"itemListElement\":[{\"@type\":\"ListItem\",\"position\":1,\"name\":\"Trang ch\u1ee7\",\"item\":\"https:\/\/daykemsupham.edu.vn\/\"},{\"@type\":\"ListItem\",\"position\":2,\"name\":\"C\u1ea4P I (H\u1eccC TH\u1eec 1B)\"}]},{\"@type\":\"WebSite\",\"@id\":\"https:\/\/daykemsupham.edu.vn\/#website\",\"url\":\"https:\/\/daykemsupham.edu.vn\/\",\"name\":\"TRUNG T\u00c2M GIA S\u01af S\u01af PH\u1ea0M LI\u00caN HOA\",\"description\":\"\",\"publisher\":{\"@id\":\"https:\/\/daykemsupham.edu.vn\/#\/schema\/person\/541566b20ae76355fe50b49911f7033b\"},\"potentialAction\":[{\"@type\":\"SearchAction\",\"target\":{\"@type\":\"EntryPoint\",\"urlTemplate\":\"https:\/\/daykemsupham.edu.vn\/?s={search_term_string}\"},\"query-input\":\"required name=search_term_string\"}],\"inLanguage\":\"vi\"},{\"@type\":[\"Person\",\"Organization\"],\"@id\":\"https:\/\/daykemsupham.edu.vn\/#\/schema\/person\/541566b20ae76355fe50b49911f7033b\",\"name\":\"giasusuphamlienhoa\",\"image\":{\"@type\":\"ImageObject\",\"inLanguage\":\"vi\",\"@id\":\"https:\/\/daykemsupham.edu.vn\/#\/schema\/person\/image\/\",\"url\":\"https:\/\/daykemsupham.edu.vn\/wp-content\/uploads\/2020\/08\/LIEN-HOA-04.png\",\"contentUrl\":\"https:\/\/daykemsupham.edu.vn\/wp-content\/uploads\/2020\/08\/LIEN-HOA-04.png\",\"width\":1113,\"height\":874,\"caption\":\"giasusuphamlienhoa\"},\"logo\":{\"@id\":\"https:\/\/daykemsupham.edu.vn\/#\/schema\/person\/image\/\"},\"sameAs\":[\"http:\/\/daykemsupham.edu.vn\"]}]}<\/script>\n<!-- \/ Yoast SEO plugin. -->","yoast_head_json":{"title":"C\u1ea4P I (H\u1eccC TH\u1eec 1B) | TRUNG T\u00c2M GIA S\u01af S\u01af PH\u1ea0M LI\u00caN HOA","robots":{"index":"index","follow":"follow","max-snippet":"max-snippet:-1","max-image-preview":"max-image-preview:large","max-video-preview":"max-video-preview:-1"},"canonical":"https:\/\/daykemsupham.edu.vn\/index.php\/cap-i-hoc-thu-1b\/","og_locale":"vi_VN","og_type":"article","og_title":"C\u1ea4P I (H\u1eccC TH\u1eec 1B) | TRUNG T\u00c2M GIA S\u01af S\u01af PH\u1ea0M LI\u00caN HOA","og_url":"https:\/\/daykemsupham.edu.vn\/index.php\/cap-i-hoc-thu-1b\/","og_site_name":"TRUNG T\u00c2M GIA S\u01af S\u01af PH\u1ea0M LI\u00caN HOA","article_modified_time":"2020-08-28T10:44:05+00:00","twitter_card":"summary_large_image","twitter_misc":{"\u01af\u1edbc t\u00ednh th\u1eddi gian \u0111\u1ecdc":"3 ph\u00fat"},"schema":{"@context":"https:\/\/schema.org","@graph":[{"@type":"WebPage","@id":"https:\/\/daykemsupham.edu.vn\/index.php\/cap-i-hoc-thu-1b\/","url":"https:\/\/daykemsupham.edu.vn\/index.php\/cap-i-hoc-thu-1b\/","name":"C\u1ea4P I (H\u1eccC TH\u1eec 1B) | TRUNG T\u00c2M GIA S\u01af S\u01af PH\u1ea0M LI\u00caN HOA","isPartOf":{"@id":"https:\/\/daykemsupham.edu.vn\/#website"},"datePublished":"2020-08-28T03:39:57+00:00","dateModified":"2020-08-28T10:44:05+00:00","breadcrumb":{"@id":"https:\/\/daykemsupham.edu.vn\/index.php\/cap-i-hoc-thu-1b\/#breadcrumb"},"inLanguage":"vi","potentialAction":[{"@type":"ReadAction","target":["https:\/\/daykemsupham.edu.vn\/index.php\/cap-i-hoc-thu-1b\/"]}]},{"@type":"BreadcrumbList","@id":"https:\/\/daykemsupham.edu.vn\/index.php\/cap-i-hoc-thu-1b\/#breadcrumb","itemListElement":[{"@type":"ListItem","position":1,"name":"Trang ch\u1ee7","item":"https:\/\/daykemsupham.edu.vn\/"},{"@type":"ListItem","position":2,"name":"C\u1ea4P I (H\u1eccC TH\u1eec 1B)"}]},{"@type":"WebSite","@id":"https:\/\/daykemsupham.edu.vn\/#website","url":"https:\/\/daykemsupham.edu.vn\/","name":"TRUNG T\u00c2M GIA S\u01af S\u01af PH\u1ea0M LI\u00caN HOA","description":"","publisher":{"@id":"https:\/\/daykemsupham.edu.vn\/#\/schema\/person\/541566b20ae76355fe50b49911f7033b"},"potentialAction":[{"@type":"SearchAction","target":{"@type":"EntryPoint","urlTemplate":"https:\/\/daykemsupham.edu.vn\/?s={search_term_string}"},"query-input":"required name=search_term_string"}],"inLanguage":"vi"},{"@type":["Person","Organization"],"@id":"https:\/\/daykemsupham.edu.vn\/#\/schema\/person\/541566b20ae76355fe50b49911f7033b","name":"giasusuphamlienhoa","image":{"@type":"ImageObject","inLanguage":"vi","@id":"https:\/\/daykemsupham.edu.vn\/#\/schema\/person\/image\/","url":"https:\/\/daykemsupham.edu.vn\/wp-content\/uploads\/2020\/08\/LIEN-HOA-04.png","contentUrl":"https:\/\/daykemsupham.edu.vn\/wp-content\/uploads\/2020\/08\/LIEN-HOA-04.png","width":1113,"height":874,"caption":"giasusuphamlienhoa"},"logo":{"@id":"https:\/\/daykemsupham.edu.vn\/#\/schema\/person\/image\/"},"sameAs":["http:\/\/daykemsupham.edu.vn"]}]}},"_links":{"self":[{"href":"https:\/\/daykemsupham.edu.vn\/index.php\/wp-json\/wp\/v2\/pages\/220"}],"collection":[{"href":"https:\/\/daykemsupham.edu.vn\/index.php\/wp-json\/wp\/v2\/pages"}],"about":[{"href":"https:\/\/daykemsupham.edu.vn\/index.php\/wp-json\/wp\/v2\/types\/page"}],"author":[{"embeddable":true,"href":"https:\/\/daykemsupham.edu.vn\/index.php\/wp-json\/wp\/v2\/users\/1"}],"replies":[{"embeddable":true,"href":"https:\/\/daykemsupham.edu.vn\/index.php\/wp-json\/wp\/v2\/comments?post=220"}],"version-history":[{"count":2,"href":"https:\/\/daykemsupham.edu.vn\/index.php\/wp-json\/wp\/v2\/pages\/220\/revisions"}],"predecessor-version":[{"id":291,"href":"https:\/\/daykemsupham.edu.vn\/index.php\/wp-json\/wp\/v2\/pages\/220\/revisions\/291"}],"wp:attachment":[{"href":"https:\/\/daykemsupham.edu.vn\/index.php\/wp-json\/wp\/v2\/media?parent=220"}],"curies":[{"name":"wp","href":"https:\/\/api.w.org\/{rel}","templated":true}]}}