{"id":222,"date":"2020-08-28T03:40:26","date_gmt":"2020-08-28T03:40:26","guid":{"rendered":"http:\/\/daykemsupham.edu.vn\/?page_id=222"},"modified":"2020-08-28T10:51:02","modified_gmt":"2020-08-28T10:51:02","slug":"cap-ii-hoc-thu-1b","status":"publish","type":"page","link":"https:\/\/daykemsupham.edu.vn\/index.php\/cap-ii-hoc-thu-1b\/","title":{"rendered":"C\u1ea4P II (H\u1eccC TH\u1eec 1B)"},"content":{"rendered":"\n  <div id=\"page-header-491850480\" class=\"page-header-wrapper\">\n  <div class=\"page-title light simple-title\">\n\n    \n    <div class=\"page-title-inner container align-center text-center flex-row-col medium-flex-wrap\" >\n              <div class=\"title-wrapper flex-col\">\n          <h1 class=\"entry-title mb-0\">\n            C\u1ea4P II (H\u1eccC TH\u1eec 1B)          <\/h1>\n        <\/div>\n                    <div class=\"title-content flex-col\">\n        <div class=\"title-breadcrumbs pb-half pt-half\"><nav class=\"woocommerce-breadcrumb breadcrumbs uppercase\">Trang ch\u1ee7<\/nav><\/div>      <\/div>\n    <\/div>\n\n       <\/div>\n    <\/div>\n  \n\n\t<section class=\"section\" id=\"section_1521175706\">\n\t\t<div class=\"bg section-bg fill bg-fill  bg-loaded\" >\n\n\t\t\t\n\t\t\t\n\t\t\t\n\n\t\t<\/div>\n\n\t\t<div class=\"section-content relative\">\n\t\t\t\n\n<div class=\"row\"  id=\"row-1156601210\">\n\n\n\t<div id=\"col-1678554211\" class=\"col medium-6 small-12 large-6\"  >\n\t\t<div class=\"col-inner\"  >\n\t\t\t\n\t\t\t\n\n<p><strong>C\u00c1C D\u1ecaCH V\u1ee4 C\u1ee6A TRUNG T\u00c2M<\/strong><\/p>\n<p><strong>\u2666\u00a0<u>Gia s\u01b0 c\u1ea5p I:<\/u> c<\/strong>ung c\u1ea5p gia s\u01b0 cho c\u00e1c b\u00e9\u00a0ti\u1ec1n ti\u1ec3u h\u1ecdc,\u00a0To\u00e1n &#8211; ti\u1ebfng Vi\u1ec7t, Ti\u1ebfng anh, Piano&#8230; v\u00e0 c\u00e1c m\u00f4n n\u0103ng khi\u1ebfu\u00a0t\u1eeb l\u1edbp 1 \u0111\u1ebfn l\u1edbp 5.<\/p>\n<p>&#8211; Gi\u00fap c\u00e1c em n\u1eafm v\u1eefng nh\u1eefng con s\u1ed1 v\u00e0 b\u1ea3ng ch\u1eef c\u00e1i, nh\u1eefng v\u1ea7n gh\u00e9p .<\/p>\n<p>&#8211; Gi\u00fap c\u00e1c em c\u00f3 v\u1ed1n ngo\u1ea1i ng\u1eef \u0111\u1eb7c bi\u1ec7t l\u00e0 ti\u1ebfng Anh d\u1ed3i d\u00e0o, l\u00e0m n\u1ec1n t\u1ea3ng cho qu\u00e1 tr\u00ecnh h\u1ecdc \u1edf m\u1ee9c trung h\u1ecdc c\u01a1 s\u1edf.<\/p>\n<p><strong><u>\u2666\u00a0\u00a0Gia s\u01b0 c\u1ea5p II:<\/u><\/strong>Gia s\u01b0 t\u1ea5t c\u1ea3 c\u00e1c m\u00f4n h\u1ecdc: To\u00e1n &#8211; L\u00fd &#8211; H\u00f3a &#8211; V\u0103n &#8211; S\u1eed &#8211; \u0110\u1ecba &#8211; Ngo\u1ea1i ng\u1eef &#8230;v\u00e0 m\u00f4n n\u0103ng khi\u1ebfu cho\u00a0h\u1ecdc sinh l\u1edbp 6 \u0111\u1ebfn l\u1edbp 9 v\u00e0 h\u1ecdc sinh \u00f4n thi v\u00e0o l\u1edbp 10,\u00a0 thi v\u00e0o c\u00e1c tr\u01b0\u1eddng chuy\u00ean nh\u01b0 Amst, L\u01b0\u01a1ng Th\u1ebf Vinh, chuy\u00ean S\u01b0 ph\u1ea1m, chuy\u00ean T\u1ef1 nhi\u00ean&#8230; t\u1ea1i H\u00e0 N\u1ed9i.<\/p>\n<p><strong><u>\u2666\u00a0\u00a0Gia s\u01b0 c\u1ea5p III :<\/u><\/strong><u>\u00a0<\/u>Gia s\u01b0 t\u1ea5t c\u1ea3 c\u00e1c m\u00f4n\u00a0To\u00e1n &#8211; L\u00fd &#8211; H\u00f3a &#8211; V\u0103n &#8211; Sinh &#8211; S\u1eed &#8211; \u0110\u1ecba &#8211; Tin h\u1ecdc &#8211; Ngo\u1ea1i ng\u1eef &#8230;v\u00e0 m\u00f4n n\u0103ng khi\u1ebfu cho\u00a0h\u1ecdc sinh. \u00d4n thi H\u1ecdc sinh gi\u1ecfi, thi olympic, gi\u1ea3i b\u1ed9 \u0111\u1ec1, Luy\u1ec7n thi \u0110\u1ea1i H\u1ecdc&#8230;<\/p>\n<p><strong>Ngo\u00e0i ra, trung t\u00e2m\u00a0Luy\u1ec7n thi ngo\u1ea1i ng\u1eef\u00a0c\u00e1c ch\u1ee9ng ch\u1ec9 nh\u01b0:<\/strong>\u00a0IELTS, TOFEL,TOEIC cho c\u00e1c h\u1ecdc sinh c\u00f3 nhu c\u1ea7u du h\u1ecdc.<\/p>\n<p><strong>D\u1ea1y k\u00e8m c\u00e1c ngo\u1ea1i ng\u1eef kh\u00e1c:\u00a0<\/strong>Trung &#8211; H\u00e0n\u00a0 -Nh\u1eadt &#8211; Ph\u00e1p &#8211; \u0110\u1ee9c &#8211; Italya.<\/p>\n\n\t\t<\/div>\n\t\t\t<\/div>\n\n\t\n\n\t<div id=\"col-1449556817\" class=\"col medium-6 small-12 large-6\"  >\n\t\t<div class=\"col-inner\"  >\n\t\t\t\n\t\t\t\n\n\t<div class=\"img has-hover x md-x lg-x y md-y lg-y\" id=\"image_1128932840\">\n\t\t\t\t\t\t\t\t<div class=\"img-inner dark\" >\n\t\t\t<img width=\"600\" height=\"450\" src=\"https:\/\/daykemsupham.edu.vn\/wp-content\/uploads\/2020\/08\/gia-su-cap-2-1.jpg\" class=\"attachment-large size-large\" alt=\"\" decoding=\"async\" loading=\"lazy\" srcset=\"https:\/\/daykemsupham.edu.vn\/wp-content\/uploads\/2020\/08\/gia-su-cap-2-1.jpg 600w, https:\/\/daykemsupham.edu.vn\/wp-content\/uploads\/2020\/08\/gia-su-cap-2-1-510x383.jpg 510w, https:\/\/daykemsupham.edu.vn\/wp-content\/uploads\/2020\/08\/gia-su-cap-2-1-300x225.jpg 300w\" sizes=\"(max-width: 600px) 100vw, 600px\" \/>\t\t\t\t\t\t\n\t\t\t\t\t<\/div>\n\t\t\t\t\t\t\t\t\n<style>\n#image_1128932840 {\n  width: 100%;\n}\n<\/style>\n\t<\/div>\n\t\n\n\n\t\t<\/div>\n\t\t\t<\/div>\n\n\t\n\n<\/div>\n<div class=\"row\"  id=\"row-137158927\">\n\n\n\t<div id=\"col-1253044933\" class=\"col medium-6 small-12 large-6\"  >\n\t\t<div class=\"col-inner\"  >\n\t\t\t\n\t\t\t\n\n\t<div class=\"img has-hover x md-x lg-x y md-y lg-y\" id=\"image_668879045\">\n\t\t\t\t\t\t\t\t<div class=\"img-inner dark\" >\n\t\t\t<img width=\"550\" height=\"367\" src=\"https:\/\/daykemsupham.edu.vn\/wp-content\/uploads\/2020\/08\/gia-su-cap-2-2.jpg\" class=\"attachment-large size-large\" alt=\"\" decoding=\"async\" loading=\"lazy\" srcset=\"https:\/\/daykemsupham.edu.vn\/wp-content\/uploads\/2020\/08\/gia-su-cap-2-2.jpg 550w, https:\/\/daykemsupham.edu.vn\/wp-content\/uploads\/2020\/08\/gia-su-cap-2-2-510x340.jpg 510w, https:\/\/daykemsupham.edu.vn\/wp-content\/uploads\/2020\/08\/gia-su-cap-2-2-300x200.jpg 300w\" sizes=\"(max-width: 550px) 100vw, 550px\" \/>\t\t\t\t\t\t\n\t\t\t\t\t<\/div>\n\t\t\t\t\t\t\t\t\n<style>\n#image_668879045 {\n  width: 100%;\n}\n<\/style>\n\t<\/div>\n\t\n\n\n\t\t<\/div>\n\t\t\t<\/div>\n\n\t\n\n\t<div id=\"col-136098669\" class=\"col medium-6 small-12 large-6\"  >\n\t\t<div class=\"col-inner\"  >\n\t\t\t\n\t\t\t\n\n<p><strong>\u0110\u1ed8I NG\u0168 GIA S\u01af C\u1ee6A TRUNG T\u00c2M<\/strong><\/p>\n<p><strong>MI\u1ec4N PH\u00cd 01 BU\u1ed4I D\u1ea0Y TH\u1eec BAN \u0110\u1ea6U<\/strong><\/p>\n<p>\u0110\u1ed9i ng\u0169 Gi\u00e1o vi\u00ean, gia s\u01b0 sinh vi\u00ean c\u00f3 nhi\u1ec1u kinh nghi\u1ec7m gi\u1ea3ng d\u1ea1y nh\u1eadn d\u1ea1y k\u00e8m t\u1ea1i nh\u00e0 c\u00e1c m\u00f4n\u00a0To\u00e1n, v\u1eadt l\u00fd, h\u00f3a h\u1ecdc, ti\u1ebfng anh, ng\u1eef v\u0103n, sinh&#8230; t\u1eeb c\u1ea5p I \u0111\u1ebfn l\u1edbp 12, luy\u1ec7n thi \u0111\u1ea1i h\u1ecdc, t\u1ed1t nghi\u1ec7p, \u00f4n thi h\u1ecdc sinh gi\u1ecfi, thi chuy\u00ean&#8230;<\/p>\n<p><strong>CH\u00daNG T\u00d4I CAM K\u1ebeT V\u1edaI PH\u1ee4 HUYNH<\/strong><\/p>\n<p>\u2666\u00a0N\u1ebfu sau t\u1eeb 1-2 bu\u1ed5i h\u1ecdc m\u00e0 gia \u0111\u00ecnh kh\u00f4ng h\u00e0i l\u00f2ng v\u1edbi ch\u1ea5t l\u01b0\u1ee3ng d\u1ea1y c\u1ee7a gia s\u01b0 th\u00ec c\u00f3 th\u1ec3 y\u00eau c\u1ea7u thay ng\u01b0\u1eddi m\u1edbi ho\u00e0n to\u00e0n mi\u1ec5n ph\u00ed.<\/p>\n<p>\u2666\u00a0H\u1ecdc sinh \u0111\u01b0\u1ee3c l\u00e0m b\u00e0i ki\u1ec3m tra ki\u1ebfn th\u1ee9c \u0111\u1ea7u v\u00e0o \u0111\u1ec3 c\u00f3 th\u1ec3 \u0111\u00e1nh gi\u00e1 v\u00e0 l\u1ef1a ch\u1ecdn ra ph\u01b0\u01a1ng ph\u00e1p d\u1ea1y ph\u00f9 h\u1ee3p.<\/p>\n<p><u>\u2666\u00a0V\u1edbi h\u1ecdc sinh y\u1ebfu, k\u00e9m, m\u1ea5t g\u1ed1c:<\/u>\u00a0gia s\u01b0 s\u1ebd h\u1ec7 th\u1ed1ng l\u1ea1i ki\u1ebfn th\u1ef1c t\u1eeb ban \u0111\u1ea7u.\u00a0V\u1edbi h\u1ecdc sinh kh\u00e1, gi\u1ecfi s\u1ebd th\u01b0\u1eddng xuy\u00ean \u0111\u01b0\u1ee3c ti\u1ebfp x\u00fac v\u1edbi \u0111\u1ec1 thi th\u1eed (\u0111\u1eb7c bi\u1ec7t l\u00e0 c\u00e1c em cu\u1ed1i c\u1ea5p).<\/p>\n\n\t\t<\/div>\n\t\t\t<\/div>\n\n\t\n\n<\/div>\n<div class=\"row\"  id=\"row-1269276815\">\n\n\n\t<div id=\"col-113038395\" class=\"col small-12 large-12\"  >\n\t\t<div class=\"col-inner\"  >\n\t\t\t\n\t\t\t\n\n<h2><strong>B\u1ea2NG GI\u00c1 THAM KH\u1ea2O<\/strong><\/h2>\n<table border=\"1\" cellspacing=\"1\" cellpadding=\"1\">\n<tbody>\n<tr>\n<td><strong>L\u1edaP H\u1eccC<\/strong><\/td>\n<td><strong>GIA S\u01af SINH VI\u00caN (VND\/BU\u1ed4I)<\/strong><\/td>\n<td><strong>GIA S\u01af GI\u00c1O VI\u00caN (VND\/BU\u1ed4I)<\/strong><\/td>\n<\/tr>\n<tr>\n<td><strong>C\u1ea5p I<\/strong><\/td>\n<td><strong>100.000 &#8211; 130.000\u00a0<\/strong><\/td>\n<td><strong>180.000 &#8211; 250.000<\/strong><\/td>\n<\/tr>\n<tr>\n<td><strong>C\u1ea5p II<\/strong><\/td>\n<td><strong>100.000 &#8211; 150.000<\/strong><\/td>\n<td><strong>200.000 &#8211; 250.000<\/strong><\/td>\n<\/tr>\n<tr>\n<td><strong>C\u1ea5p III<\/strong><\/td>\n<td><strong>120.000 &#8211; 150.000<\/strong><\/td>\n<td><strong>200.000 &#8211; 300.000<\/strong><\/td>\n<\/tr>\n<tr>\n<td><strong>Luy\u1ec7n Thi \u0110\u1ea1i H\u1ecdc<\/strong><\/td>\n<td><strong>130000- 150.000<\/strong><\/td>\n<td><strong>250000 &#8211; 300000<\/strong><\/td>\n<\/tr>\n<tr>\n<td><strong>H\u1ecdc Nh\u00f3m 2 Ng\u01b0\u1eddi<\/strong><\/td>\n<td>\n<p><strong><span style=\"color: #000000;\">-C\u1ea5p 1:\u00a0140.000 \u0111\u1ebfn 160.000<\/span><\/strong><\/p>\n<p><strong><span style=\"color: #000000;\">-C\u1ea5p 2:\u00a0140.000 \u0111\u1ebfn 170.000<\/span><\/strong><\/p>\n<p><strong><span style=\"color: #000000;\">-C\u1ea5p 3:\u00a0150.000 \u0111\u1ebfn 250.000<\/span><\/strong><\/p>\n<\/td>\n<td><strong>T\u1eeb 250.000 \u0111\u1ebfn 350.000<\/strong><\/td>\n<\/tr>\n<tr>\n<td><strong>H\u1ecdc Nh\u00f3m T\u1eeb 3 Ng\u01b0\u1eddi Tr\u1edf L\u00ean<\/strong><\/td>\n<td><strong>Theo s\u1ed1 l\u01b0\u1ee3ng h\u1ecdc sinh<\/strong><\/td>\n<td><strong>Theo s\u1ed1 l\u01b0\u1ee3ng h\u1ecdc sinh<\/strong><\/td>\n<\/tr>\n<\/tbody>\n<\/table>\n<p><strong>\u0110\u1ebfn v\u1edbi Trung t\u00e2m Gia s\u01b0\u00a0Gia B\u1ea3o c\u1ee7a ch\u00fang t\u00f4i, qu\u00fd ph\u1ee5 huynh kh\u00f4ng ch\u1ec9 y\u00ean t\u00e2m v\u1ec1 ch\u1ea5t l\u01b0\u1ee3ng gi\u00e1o vi\u00ean m\u00e0 d\u1ecbch v\u1ee5 c\u1ee7a ch\u00fang t\u00f4i c\u00f2n r\u1ea5t h\u1ee3p l\u00fd, \u0111\u00e1p \u1ee9ng \u0111\u01b0\u1ee3c y\u00eau c\u1ea7u Kh\u00e1ch h\u00e0ng.<\/strong><\/p>\n\n\t\t<\/div>\n\t\t\t<\/div>\n\n\t\n\n<\/div>\n\n\t\t<\/div>\n\n\t\t\n<style>\n#section_1521175706 {\n  padding-top: 30px;\n  padding-bottom: 30px;\n}\n<\/style>\n\t<\/section>\n\t\n\n","protected":false},"excerpt":{"rendered":"","protected":false},"author":1,"featured_media":0,"parent":0,"menu_order":0,"comment_status":"closed","ping_status":"closed","template":"","meta":[],"yoast_head":"<!-- This site is optimized with the Yoast SEO plugin v19.14 - https:\/\/yoast.com\/wordpress\/plugins\/seo\/ -->\n<title>C\u1ea4P II (H\u1eccC TH\u1eec 1B) | TRUNG T\u00c2M GIA S\u01af S\u01af PH\u1ea0M LI\u00caN HOA<\/title>\n<meta name=\"robots\" content=\"index, follow, max-snippet:-1, max-image-preview:large, max-video-preview:-1\" \/>\n<link rel=\"canonical\" href=\"https:\/\/daykemsupham.edu.vn\/index.php\/cap-ii-hoc-thu-1b\/\" \/>\n<meta property=\"og:locale\" content=\"vi_VN\" \/>\n<meta property=\"og:type\" content=\"article\" \/>\n<meta property=\"og:title\" content=\"C\u1ea4P II (H\u1eccC TH\u1eec 1B) | TRUNG T\u00c2M GIA S\u01af S\u01af PH\u1ea0M LI\u00caN HOA\" \/>\n<meta property=\"og:url\" content=\"https:\/\/daykemsupham.edu.vn\/index.php\/cap-ii-hoc-thu-1b\/\" \/>\n<meta property=\"og:site_name\" content=\"TRUNG T\u00c2M GIA S\u01af S\u01af PH\u1ea0M LI\u00caN HOA\" \/>\n<meta property=\"article:modified_time\" content=\"2020-08-28T10:51:02+00:00\" \/>\n<meta name=\"twitter:card\" content=\"summary_large_image\" \/>\n<meta name=\"twitter:label1\" content=\"\u01af\u1edbc t\u00ednh th\u1eddi gian \u0111\u1ecdc\" \/>\n\t<meta name=\"twitter:data1\" content=\"4 ph\u00fat\" \/>\n<script type=\"application\/ld+json\" class=\"yoast-schema-graph\">{\"@context\":\"https:\/\/schema.org\",\"@graph\":[{\"@type\":\"WebPage\",\"@id\":\"https:\/\/daykemsupham.edu.vn\/index.php\/cap-ii-hoc-thu-1b\/\",\"url\":\"https:\/\/daykemsupham.edu.vn\/index.php\/cap-ii-hoc-thu-1b\/\",\"name\":\"C\u1ea4P II (H\u1eccC TH\u1eec 1B) | TRUNG T\u00c2M GIA S\u01af S\u01af PH\u1ea0M LI\u00caN HOA\",\"isPartOf\":{\"@id\":\"https:\/\/daykemsupham.edu.vn\/#website\"},\"datePublished\":\"2020-08-28T03:40:26+00:00\",\"dateModified\":\"2020-08-28T10:51:02+00:00\",\"breadcrumb\":{\"@id\":\"https:\/\/daykemsupham.edu.vn\/index.php\/cap-ii-hoc-thu-1b\/#breadcrumb\"},\"inLanguage\":\"vi\",\"potentialAction\":[{\"@type\":\"ReadAction\",\"target\":[\"https:\/\/daykemsupham.edu.vn\/index.php\/cap-ii-hoc-thu-1b\/\"]}]},{\"@type\":\"BreadcrumbList\",\"@id\":\"https:\/\/daykemsupham.edu.vn\/index.php\/cap-ii-hoc-thu-1b\/#breadcrumb\",\"itemListElement\":[{\"@type\":\"ListItem\",\"position\":1,\"name\":\"Trang ch\u1ee7\",\"item\":\"https:\/\/daykemsupham.edu.vn\/\"},{\"@type\":\"ListItem\",\"position\":2,\"name\":\"C\u1ea4P II (H\u1eccC TH\u1eec 1B)\"}]},{\"@type\":\"WebSite\",\"@id\":\"https:\/\/daykemsupham.edu.vn\/#website\",\"url\":\"https:\/\/daykemsupham.edu.vn\/\",\"name\":\"TRUNG T\u00c2M GIA S\u01af S\u01af PH\u1ea0M LI\u00caN HOA\",\"description\":\"\",\"publisher\":{\"@id\":\"https:\/\/daykemsupham.edu.vn\/#\/schema\/person\/541566b20ae76355fe50b49911f7033b\"},\"potentialAction\":[{\"@type\":\"SearchAction\",\"target\":{\"@type\":\"EntryPoint\",\"urlTemplate\":\"https:\/\/daykemsupham.edu.vn\/?s={search_term_string}\"},\"query-input\":\"required name=search_term_string\"}],\"inLanguage\":\"vi\"},{\"@type\":[\"Person\",\"Organization\"],\"@id\":\"https:\/\/daykemsupham.edu.vn\/#\/schema\/person\/541566b20ae76355fe50b49911f7033b\",\"name\":\"giasusuphamlienhoa\",\"image\":{\"@type\":\"ImageObject\",\"inLanguage\":\"vi\",\"@id\":\"https:\/\/daykemsupham.edu.vn\/#\/schema\/person\/image\/\",\"url\":\"https:\/\/daykemsupham.edu.vn\/wp-content\/uploads\/2020\/08\/LIEN-HOA-04.png\",\"contentUrl\":\"https:\/\/daykemsupham.edu.vn\/wp-content\/uploads\/2020\/08\/LIEN-HOA-04.png\",\"width\":1113,\"height\":874,\"caption\":\"giasusuphamlienhoa\"},\"logo\":{\"@id\":\"https:\/\/daykemsupham.edu.vn\/#\/schema\/person\/image\/\"},\"sameAs\":[\"http:\/\/daykemsupham.edu.vn\"]}]}<\/script>\n<!-- \/ Yoast SEO plugin. -->","yoast_head_json":{"title":"C\u1ea4P II (H\u1eccC TH\u1eec 1B) | TRUNG T\u00c2M GIA S\u01af S\u01af PH\u1ea0M LI\u00caN HOA","robots":{"index":"index","follow":"follow","max-snippet":"max-snippet:-1","max-image-preview":"max-image-preview:large","max-video-preview":"max-video-preview:-1"},"canonical":"https:\/\/daykemsupham.edu.vn\/index.php\/cap-ii-hoc-thu-1b\/","og_locale":"vi_VN","og_type":"article","og_title":"C\u1ea4P II (H\u1eccC TH\u1eec 1B) | TRUNG T\u00c2M GIA S\u01af S\u01af PH\u1ea0M LI\u00caN HOA","og_url":"https:\/\/daykemsupham.edu.vn\/index.php\/cap-ii-hoc-thu-1b\/","og_site_name":"TRUNG T\u00c2M GIA S\u01af S\u01af PH\u1ea0M LI\u00caN HOA","article_modified_time":"2020-08-28T10:51:02+00:00","twitter_card":"summary_large_image","twitter_misc":{"\u01af\u1edbc t\u00ednh th\u1eddi gian \u0111\u1ecdc":"4 ph\u00fat"},"schema":{"@context":"https:\/\/schema.org","@graph":[{"@type":"WebPage","@id":"https:\/\/daykemsupham.edu.vn\/index.php\/cap-ii-hoc-thu-1b\/","url":"https:\/\/daykemsupham.edu.vn\/index.php\/cap-ii-hoc-thu-1b\/","name":"C\u1ea4P II (H\u1eccC TH\u1eec 1B) | TRUNG T\u00c2M GIA S\u01af S\u01af PH\u1ea0M LI\u00caN HOA","isPartOf":{"@id":"https:\/\/daykemsupham.edu.vn\/#website"},"datePublished":"2020-08-28T03:40:26+00:00","dateModified":"2020-08-28T10:51:02+00:00","breadcrumb":{"@id":"https:\/\/daykemsupham.edu.vn\/index.php\/cap-ii-hoc-thu-1b\/#breadcrumb"},"inLanguage":"vi","potentialAction":[{"@type":"ReadAction","target":["https:\/\/daykemsupham.edu.vn\/index.php\/cap-ii-hoc-thu-1b\/"]}]},{"@type":"BreadcrumbList","@id":"https:\/\/daykemsupham.edu.vn\/index.php\/cap-ii-hoc-thu-1b\/#breadcrumb","itemListElement":[{"@type":"ListItem","position":1,"name":"Trang ch\u1ee7","item":"https:\/\/daykemsupham.edu.vn\/"},{"@type":"ListItem","position":2,"name":"C\u1ea4P II (H\u1eccC TH\u1eec 1B)"}]},{"@type":"WebSite","@id":"https:\/\/daykemsupham.edu.vn\/#website","url":"https:\/\/daykemsupham.edu.vn\/","name":"TRUNG T\u00c2M GIA S\u01af S\u01af PH\u1ea0M LI\u00caN HOA","description":"","publisher":{"@id":"https:\/\/daykemsupham.edu.vn\/#\/schema\/person\/541566b20ae76355fe50b49911f7033b"},"potentialAction":[{"@type":"SearchAction","target":{"@type":"EntryPoint","urlTemplate":"https:\/\/daykemsupham.edu.vn\/?s={search_term_string}"},"query-input":"required name=search_term_string"}],"inLanguage":"vi"},{"@type":["Person","Organization"],"@id":"https:\/\/daykemsupham.edu.vn\/#\/schema\/person\/541566b20ae76355fe50b49911f7033b","name":"giasusuphamlienhoa","image":{"@type":"ImageObject","inLanguage":"vi","@id":"https:\/\/daykemsupham.edu.vn\/#\/schema\/person\/image\/","url":"https:\/\/daykemsupham.edu.vn\/wp-content\/uploads\/2020\/08\/LIEN-HOA-04.png","contentUrl":"https:\/\/daykemsupham.edu.vn\/wp-content\/uploads\/2020\/08\/LIEN-HOA-04.png","width":1113,"height":874,"caption":"giasusuphamlienhoa"},"logo":{"@id":"https:\/\/daykemsupham.edu.vn\/#\/schema\/person\/image\/"},"sameAs":["http:\/\/daykemsupham.edu.vn"]}]}},"_links":{"self":[{"href":"https:\/\/daykemsupham.edu.vn\/index.php\/wp-json\/wp\/v2\/pages\/222"}],"collection":[{"href":"https:\/\/daykemsupham.edu.vn\/index.php\/wp-json\/wp\/v2\/pages"}],"about":[{"href":"https:\/\/daykemsupham.edu.vn\/index.php\/wp-json\/wp\/v2\/types\/page"}],"author":[{"embeddable":true,"href":"https:\/\/daykemsupham.edu.vn\/index.php\/wp-json\/wp\/v2\/users\/1"}],"replies":[{"embeddable":true,"href":"https:\/\/daykemsupham.edu.vn\/index.php\/wp-json\/wp\/v2\/comments?post=222"}],"version-history":[{"count":2,"href":"https:\/\/daykemsupham.edu.vn\/index.php\/wp-json\/wp\/v2\/pages\/222\/revisions"}],"predecessor-version":[{"id":294,"href":"https:\/\/daykemsupham.edu.vn\/index.php\/wp-json\/wp\/v2\/pages\/222\/revisions\/294"}],"wp:attachment":[{"href":"https:\/\/daykemsupham.edu.vn\/index.php\/wp-json\/wp\/v2\/media?parent=222"}],"curies":[{"name":"wp","href":"https:\/\/api.w.org\/{rel}","templated":true}]}}