{"id":231,"date":"2020-08-28T03:42:01","date_gmt":"2020-08-28T03:42:01","guid":{"rendered":"http:\/\/daykemsupham.edu.vn\/?page_id=231"},"modified":"2020-08-28T11:06:31","modified_gmt":"2020-08-28T11:06:31","slug":"ngoai-ngu-hoc-thu-1b","status":"publish","type":"page","link":"https:\/\/daykemsupham.edu.vn\/index.php\/ngoai-ngu-hoc-thu-1b\/","title":{"rendered":"NGO\u1ea0I NG\u1eee (H\u1eccC TH\u1eec 1B)"},"content":{"rendered":"\n  <div id=\"page-header-509201719\" class=\"page-header-wrapper\">\n  <div class=\"page-title light simple-title\">\n\n    \n    <div class=\"page-title-inner container align-center text-center flex-row-col medium-flex-wrap\" >\n              <div class=\"title-wrapper flex-col\">\n          <h1 class=\"entry-title mb-0\">\n            NGO\u1ea0I NG\u1eee (H\u1eccC TH\u1eec 1B)          <\/h1>\n        <\/div>\n                    <div class=\"title-content flex-col\">\n        <div class=\"title-breadcrumbs pb-half pt-half\"><nav class=\"woocommerce-breadcrumb breadcrumbs uppercase\">Trang ch\u1ee7<\/nav><\/div>      <\/div>\n    <\/div>\n\n       <\/div>\n    <\/div>\n  \n\n\t<section class=\"section\" id=\"section_1311169499\">\n\t\t<div class=\"bg section-bg fill bg-fill  bg-loaded\" >\n\n\t\t\t\n\t\t\t\n\t\t\t\n\n\t\t<\/div>\n\n\t\t<div class=\"section-content relative\">\n\t\t\t\n\n<div class=\"row\"  id=\"row-1393543663\">\n\n\n\t<div id=\"col-862397300\" class=\"col medium-6 small-12 large-6\"  >\n\t\t<div class=\"col-inner\"  >\n\t\t\t\n\t\t\t\n\n<p>Trung t\u00e2m Gia s\u01b0 Gia B\u1ea3o c\u00f3\u00a0<strong>\u0111\u1ed9i ng\u0169 gia s\u01b0 ngo\u1ea1i ng\u1eef<\/strong>\u00a0l\u00e0\u00a0gi\u00e1o vi\u00ean v\u00e0 sinh vi\u00ean\u00a0<strong>uy t\u00edn, ch\u1ea5t l\u01b0\u1ee3ng<\/strong>\u00a0\u0111\u1ebfn t\u1eeb c\u00e1c\u00a0 tr\u01b0\u1eddng \u0110HSPHN, \u0110H Qu\u1ed1c Gia, \u0110H T\u1ef1 nhi\u00ean, \u0110\u1ea1i h\u1ecdc Ngo\u1ea1i Ng\u1eef&#8230;.\u0110\u00e1p \u1ee9ng nhu c\u1ea7u h\u1ecdc t\u1eadp c\u1ee7a c\u00e1c em h\u1ecdc sinh t\u1eeb\u00a0h\u1ecdc l\u1ef1c y\u1ebfu \u0111\u1ebfn h\u1ecdc l\u1ef1c kh\u00e1 gi\u1ecfi \u2013 \u00f4n thi \u0111\u1ed9i tuy\u1ec3n h\u1ecdc sinh gi\u1ecfi. D\u1ef1a theo m\u1ed1i quan h\u1ec7 gi\u1eefa \u201cTh\u1ea7y \u2013 tr\u00f2\u201d trung t\u00e2m t\u1ea1o \u0111i\u1ec1u ki\u1ec7n h\u1ebft m\u1ee9c cho c\u00e1c em h\u1ecdc sinh \u0111\u1ec3 c\u00f3 \u0111\u01b0\u1ee3c ki\u1ebfn th\u1ee9c c\u00e1c m\u00f4n\u00a0<b>NGO\u1ea0I NG\u1eee<\/b>\u00a0t\u1ed1t nh\u1ea5t.<\/p>\n<p><strong>\u0110\u1ed8I NG\u0168 GIA S\u01af C\u00c1C M\u00d4N NGO\u1ea0I NG\u1eee\u00a0C\u1ee6A TRUNG T\u00c2M GIA B\u1ea2O<\/strong><\/p>\n<p>\u2666\u00a0\u0110\u1ed9i ng\u0169\u00a0<strong>gi\u00e1o\u00a0vi\u00ean NGO\u1ea0I NG\u1eee<\/strong> c\u1ee7a Gia s\u01b0 Gia B\u1ea3o c\u00f3\u00a0k\u1ef9 n\u0103ng truy\u1ec1n \u0111\u1ea1t t\u1ed1t, hi\u1ec7n \u0111ang gi\u1ea3ng d\u1ea1y t\u1ea1i c\u00e1c Tr\u01b0\u1eddng Ti\u1ec3u h\u1ecdc, THCS, THPT nh\u01b0 L\u01b0\u01a1ng Th\u1ebf Vinh, Chu V\u0103n An,\u00a0Amst v\u00e0\u00a0c\u00e1c tr\u01b0\u1eddng \u0111\u1ea1i h\u1ecdc, cao \u0111\u1eb3ng tr\u00ean \u0111\u1ecba b\u00e0n th\u00e0nh ph\u1ed1 H\u00e0 N\u1ed9i<\/p>\n<p>\u2666\u00a0\u0110\u1ed9i ng\u0169\u00a0<strong>sinh vi\u00ean ngo\u1ea1i ng\u1eef<\/strong>\u00a0\u0111\u1ebfn t\u1eeb c\u00e1c Tr\u01b0\u1eddng \u0110H s\u01b0 ph\u1ea1m HN, \u0110\u1ea1i h\u1ecdc Ngo\u1ea1i Ng\u1eef, \u0110\u1ea1i h\u1ecdc Ngo\u1ea1i th\u01b0\u01a1ng, \u0110\u1ea1i h\u1ecdc Ngo\u1ea1i ng\u1eef- \u0110HQG H\u00e0 N\u1ed9i&#8230;<\/p>\n<p>\u2666\u00a0\u0110\u1ed9i ng\u0169 gia s\u01b0 ngo\u1ea1i ng\u1eef\u00a0c\u1ee7a ch\u00fang t\u00f4i c\u00f3\u00a0kinh nghi\u1ec7m d\u1ea1y\u00a0k\u00e8m h\u1ecdc sinh y\u1ebfu k\u00e9m\u00a0v\u00e0\u00a0b\u1ed3i d\u01b0\u1ee1ng h\u1ecdc sinh Gi\u1ecfi\u00a0\u2013 d\u1ea1y b\u00e1m s\u00e1t tr\u01b0\u01a1ng tr\u00ecnh SGK.<\/p>\n<p>\u2666\u00a0\u00a0\u0110\u1ed5i ngay gi\u00e1o vi\u00ean &#8211; sinh vi\u00ean ngo\u1ea1i ng\u1eef\u00a0n\u1ebfu kh\u00f4ng \u0111\u1ea3m b\u1ea3o ch\u1ea5t l\u01b0\u1ee3ng.\u00a0M\u1ee9c ph\u00ed h\u1ee3p l\u00fd t\u00f9y theo tr\u00ecnh \u0111\u1ed9 v\u00e0 kinh nghi\u1ec7m c\u1ee7a Gia s\u01b0.<\/p>\n\n\t\t<\/div>\n\t\t\t<\/div>\n\n\t\n\n\t<div id=\"col-1276739373\" class=\"col medium-6 small-12 large-6\"  >\n\t\t<div class=\"col-inner\"  >\n\t\t\t\n\t\t\t\n\n\t<div class=\"img has-hover x md-x lg-x y md-y lg-y\" id=\"image_857903689\">\n\t\t\t\t\t\t\t\t<div class=\"img-inner dark\" >\n\t\t\t<img width=\"490\" height=\"326\" src=\"https:\/\/daykemsupham.edu.vn\/wp-content\/uploads\/2020\/08\/ngoai-ngu.jpg\" class=\"attachment-large size-large\" alt=\"\" decoding=\"async\" loading=\"lazy\" srcset=\"https:\/\/daykemsupham.edu.vn\/wp-content\/uploads\/2020\/08\/ngoai-ngu.jpg 490w, https:\/\/daykemsupham.edu.vn\/wp-content\/uploads\/2020\/08\/ngoai-ngu-350x233.jpg 350w, https:\/\/daykemsupham.edu.vn\/wp-content\/uploads\/2020\/08\/ngoai-ngu-300x200.jpg 300w\" sizes=\"(max-width: 490px) 100vw, 490px\" \/>\t\t\t\t\t\t\n\t\t\t\t\t<\/div>\n\t\t\t\t\t\t\t\t\n<style>\n#image_857903689 {\n  width: 100%;\n}\n<\/style>\n\t<\/div>\n\t\n\n\n\t\t<\/div>\n\t\t\t<\/div>\n\n\t\n\n<\/div>\n<div class=\"row\"  id=\"row-1889350028\">\n\n\n\t<div id=\"col-1462813691\" class=\"col small-12 large-12\"  >\n\t\t<div class=\"col-inner\"  >\n\t\t\t\n\t\t\t\n\n<h2><strong>B\u1ea2NG GI\u00c1 THAM KH\u1ea2O<\/strong><\/h2>\n<table border=\"1\" cellspacing=\"1\" cellpadding=\"1\">\n<tbody>\n<tr>\n<td><strong>L\u1edaP H\u1eccC<\/strong><\/td>\n<td><strong>GIA S\u01af SINH VI\u00caN (VND\/BU\u1ed4I)<\/strong><\/td>\n<td><strong>GIA S\u01af GI\u00c1O VI\u00caN (VND\/BU\u1ed4I)<\/strong><\/td>\n<\/tr>\n<tr>\n<td><strong>C\u1ea5p I<\/strong><\/td>\n<td>100.000 &#8211; 130.000\u00a0<\/td>\n<td>180.000 &#8211; 250.000<\/td>\n<\/tr>\n<tr>\n<td><strong>C\u1ea5p II<\/strong><\/td>\n<td>100.000 &#8211; 150.000<\/td>\n<td>200.000 &#8211; 250.000<\/td>\n<\/tr>\n<tr>\n<td><strong>C\u1ea5p III<\/strong><\/td>\n<td>120.000 &#8211; 150.000<\/td>\n<td>200.000 &#8211; 300.000<\/td>\n<\/tr>\n<tr>\n<td><strong>Luy\u1ec7n Thi \u0110\u1ea1i H\u1ecdc<\/strong><\/td>\n<td>120.000 &#8211; 150.000<\/td>\n<td>200.000 &#8211; 300.000<\/td>\n<\/tr>\n<tr>\n<td><strong>H\u1ecdc Nh\u00f3m 2 Ng\u01b0\u1eddi<\/strong><\/td>\n<td>\n<p><span style=\"color: #000000;\"><strong>-C\u1ea5p 1:<\/strong>\u00a0140.000 \u0111\u1ebfn 160.000<\/span><\/p>\n<p><span style=\"color: #000000;\"><strong>-C\u1ea5p 2:<\/strong>\u00a0140.000 \u0111\u1ebfn 170.000<\/span><\/p>\n<p><span style=\"color: #000000;\"><strong>-C\u1ea5p 3:\u00a0<\/strong>150.000 \u0111\u1ebfn 200.000<\/span><\/p>\n<\/td>\n<td><span style=\"color: #000000;\">T\u1eeb 250.000 \u0111\u1ebfn 350.000<\/span><\/td>\n<\/tr>\n<tr>\n<td><strong>H\u1ecdc Nh\u00f3m T\u1eeb 3 Ng\u01b0\u1eddi Tr\u1edf L\u00ean<\/strong><\/td>\n<td>Theo s\u1ed1 l\u01b0\u1ee3ng h\u1ecdc sinh<\/td>\n<td>Theo s\u1ed1 l\u01b0\u1ee3ng h\u1ecdc sinh<\/td>\n<\/tr>\n<\/tbody>\n<\/table>\n\n\t\t<\/div>\n\t\t\t<\/div>\n\n\t\n\n<\/div>\n\n\t\t<\/div>\n\n\t\t\n<style>\n#section_1311169499 {\n  padding-top: 30px;\n  padding-bottom: 30px;\n}\n<\/style>\n\t<\/section>\n\t\n\n","protected":false},"excerpt":{"rendered":"","protected":false},"author":1,"featured_media":0,"parent":0,"menu_order":0,"comment_status":"closed","ping_status":"closed","template":"","meta":[],"yoast_head":"<!-- This site is optimized with the Yoast SEO plugin v19.14 - https:\/\/yoast.com\/wordpress\/plugins\/seo\/ -->\n<title>NGO\u1ea0I NG\u1eee (H\u1eccC TH\u1eec 1B) | TRUNG T\u00c2M GIA S\u01af S\u01af PH\u1ea0M LI\u00caN HOA<\/title>\n<meta name=\"robots\" content=\"index, follow, max-snippet:-1, max-image-preview:large, max-video-preview:-1\" \/>\n<link rel=\"canonical\" href=\"https:\/\/daykemsupham.edu.vn\/index.php\/ngoai-ngu-hoc-thu-1b\/\" \/>\n<meta property=\"og:locale\" content=\"vi_VN\" \/>\n<meta property=\"og:type\" content=\"article\" \/>\n<meta property=\"og:title\" content=\"NGO\u1ea0I NG\u1eee (H\u1eccC TH\u1eec 1B) | TRUNG T\u00c2M GIA S\u01af S\u01af PH\u1ea0M LI\u00caN HOA\" \/>\n<meta property=\"og:url\" content=\"https:\/\/daykemsupham.edu.vn\/index.php\/ngoai-ngu-hoc-thu-1b\/\" \/>\n<meta property=\"og:site_name\" content=\"TRUNG T\u00c2M GIA S\u01af S\u01af PH\u1ea0M LI\u00caN HOA\" \/>\n<meta property=\"article:modified_time\" content=\"2020-08-28T11:06:31+00:00\" \/>\n<meta name=\"twitter:card\" content=\"summary_large_image\" \/>\n<meta name=\"twitter:label1\" content=\"\u01af\u1edbc t\u00ednh th\u1eddi gian \u0111\u1ecdc\" \/>\n\t<meta name=\"twitter:data1\" content=\"2 ph\u00fat\" \/>\n<script type=\"application\/ld+json\" class=\"yoast-schema-graph\">{\"@context\":\"https:\/\/schema.org\",\"@graph\":[{\"@type\":\"WebPage\",\"@id\":\"https:\/\/daykemsupham.edu.vn\/index.php\/ngoai-ngu-hoc-thu-1b\/\",\"url\":\"https:\/\/daykemsupham.edu.vn\/index.php\/ngoai-ngu-hoc-thu-1b\/\",\"name\":\"NGO\u1ea0I NG\u1eee (H\u1eccC TH\u1eec 1B) | TRUNG T\u00c2M GIA S\u01af S\u01af PH\u1ea0M LI\u00caN HOA\",\"isPartOf\":{\"@id\":\"https:\/\/daykemsupham.edu.vn\/#website\"},\"datePublished\":\"2020-08-28T03:42:01+00:00\",\"dateModified\":\"2020-08-28T11:06:31+00:00\",\"breadcrumb\":{\"@id\":\"https:\/\/daykemsupham.edu.vn\/index.php\/ngoai-ngu-hoc-thu-1b\/#breadcrumb\"},\"inLanguage\":\"vi\",\"potentialAction\":[{\"@type\":\"ReadAction\",\"target\":[\"https:\/\/daykemsupham.edu.vn\/index.php\/ngoai-ngu-hoc-thu-1b\/\"]}]},{\"@type\":\"BreadcrumbList\",\"@id\":\"https:\/\/daykemsupham.edu.vn\/index.php\/ngoai-ngu-hoc-thu-1b\/#breadcrumb\",\"itemListElement\":[{\"@type\":\"ListItem\",\"position\":1,\"name\":\"Trang ch\u1ee7\",\"item\":\"https:\/\/daykemsupham.edu.vn\/\"},{\"@type\":\"ListItem\",\"position\":2,\"name\":\"NGO\u1ea0I NG\u1eee (H\u1eccC TH\u1eec 1B)\"}]},{\"@type\":\"WebSite\",\"@id\":\"https:\/\/daykemsupham.edu.vn\/#website\",\"url\":\"https:\/\/daykemsupham.edu.vn\/\",\"name\":\"TRUNG T\u00c2M GIA S\u01af S\u01af PH\u1ea0M LI\u00caN HOA\",\"description\":\"\",\"publisher\":{\"@id\":\"https:\/\/daykemsupham.edu.vn\/#\/schema\/person\/541566b20ae76355fe50b49911f7033b\"},\"potentialAction\":[{\"@type\":\"SearchAction\",\"target\":{\"@type\":\"EntryPoint\",\"urlTemplate\":\"https:\/\/daykemsupham.edu.vn\/?s={search_term_string}\"},\"query-input\":\"required name=search_term_string\"}],\"inLanguage\":\"vi\"},{\"@type\":[\"Person\",\"Organization\"],\"@id\":\"https:\/\/daykemsupham.edu.vn\/#\/schema\/person\/541566b20ae76355fe50b49911f7033b\",\"name\":\"giasusuphamlienhoa\",\"image\":{\"@type\":\"ImageObject\",\"inLanguage\":\"vi\",\"@id\":\"https:\/\/daykemsupham.edu.vn\/#\/schema\/person\/image\/\",\"url\":\"https:\/\/daykemsupham.edu.vn\/wp-content\/uploads\/2020\/08\/LIEN-HOA-04.png\",\"contentUrl\":\"https:\/\/daykemsupham.edu.vn\/wp-content\/uploads\/2020\/08\/LIEN-HOA-04.png\",\"width\":1113,\"height\":874,\"caption\":\"giasusuphamlienhoa\"},\"logo\":{\"@id\":\"https:\/\/daykemsupham.edu.vn\/#\/schema\/person\/image\/\"},\"sameAs\":[\"http:\/\/daykemsupham.edu.vn\"]}]}<\/script>\n<!-- \/ Yoast SEO plugin. -->","yoast_head_json":{"title":"NGO\u1ea0I NG\u1eee (H\u1eccC TH\u1eec 1B) | TRUNG T\u00c2M GIA S\u01af S\u01af PH\u1ea0M LI\u00caN HOA","robots":{"index":"index","follow":"follow","max-snippet":"max-snippet:-1","max-image-preview":"max-image-preview:large","max-video-preview":"max-video-preview:-1"},"canonical":"https:\/\/daykemsupham.edu.vn\/index.php\/ngoai-ngu-hoc-thu-1b\/","og_locale":"vi_VN","og_type":"article","og_title":"NGO\u1ea0I NG\u1eee (H\u1eccC TH\u1eec 1B) | TRUNG T\u00c2M GIA S\u01af S\u01af PH\u1ea0M LI\u00caN HOA","og_url":"https:\/\/daykemsupham.edu.vn\/index.php\/ngoai-ngu-hoc-thu-1b\/","og_site_name":"TRUNG T\u00c2M GIA S\u01af S\u01af PH\u1ea0M LI\u00caN HOA","article_modified_time":"2020-08-28T11:06:31+00:00","twitter_card":"summary_large_image","twitter_misc":{"\u01af\u1edbc t\u00ednh th\u1eddi gian \u0111\u1ecdc":"2 ph\u00fat"},"schema":{"@context":"https:\/\/schema.org","@graph":[{"@type":"WebPage","@id":"https:\/\/daykemsupham.edu.vn\/index.php\/ngoai-ngu-hoc-thu-1b\/","url":"https:\/\/daykemsupham.edu.vn\/index.php\/ngoai-ngu-hoc-thu-1b\/","name":"NGO\u1ea0I NG\u1eee (H\u1eccC TH\u1eec 1B) | TRUNG T\u00c2M GIA S\u01af S\u01af PH\u1ea0M LI\u00caN HOA","isPartOf":{"@id":"https:\/\/daykemsupham.edu.vn\/#website"},"datePublished":"2020-08-28T03:42:01+00:00","dateModified":"2020-08-28T11:06:31+00:00","breadcrumb":{"@id":"https:\/\/daykemsupham.edu.vn\/index.php\/ngoai-ngu-hoc-thu-1b\/#breadcrumb"},"inLanguage":"vi","potentialAction":[{"@type":"ReadAction","target":["https:\/\/daykemsupham.edu.vn\/index.php\/ngoai-ngu-hoc-thu-1b\/"]}]},{"@type":"BreadcrumbList","@id":"https:\/\/daykemsupham.edu.vn\/index.php\/ngoai-ngu-hoc-thu-1b\/#breadcrumb","itemListElement":[{"@type":"ListItem","position":1,"name":"Trang ch\u1ee7","item":"https:\/\/daykemsupham.edu.vn\/"},{"@type":"ListItem","position":2,"name":"NGO\u1ea0I NG\u1eee (H\u1eccC TH\u1eec 1B)"}]},{"@type":"WebSite","@id":"https:\/\/daykemsupham.edu.vn\/#website","url":"https:\/\/daykemsupham.edu.vn\/","name":"TRUNG T\u00c2M GIA S\u01af S\u01af PH\u1ea0M LI\u00caN HOA","description":"","publisher":{"@id":"https:\/\/daykemsupham.edu.vn\/#\/schema\/person\/541566b20ae76355fe50b49911f7033b"},"potentialAction":[{"@type":"SearchAction","target":{"@type":"EntryPoint","urlTemplate":"https:\/\/daykemsupham.edu.vn\/?s={search_term_string}"},"query-input":"required name=search_term_string"}],"inLanguage":"vi"},{"@type":["Person","Organization"],"@id":"https:\/\/daykemsupham.edu.vn\/#\/schema\/person\/541566b20ae76355fe50b49911f7033b","name":"giasusuphamlienhoa","image":{"@type":"ImageObject","inLanguage":"vi","@id":"https:\/\/daykemsupham.edu.vn\/#\/schema\/person\/image\/","url":"https:\/\/daykemsupham.edu.vn\/wp-content\/uploads\/2020\/08\/LIEN-HOA-04.png","contentUrl":"https:\/\/daykemsupham.edu.vn\/wp-content\/uploads\/2020\/08\/LIEN-HOA-04.png","width":1113,"height":874,"caption":"giasusuphamlienhoa"},"logo":{"@id":"https:\/\/daykemsupham.edu.vn\/#\/schema\/person\/image\/"},"sameAs":["http:\/\/daykemsupham.edu.vn"]}]}},"_links":{"self":[{"href":"https:\/\/daykemsupham.edu.vn\/index.php\/wp-json\/wp\/v2\/pages\/231"}],"collection":[{"href":"https:\/\/daykemsupham.edu.vn\/index.php\/wp-json\/wp\/v2\/pages"}],"about":[{"href":"https:\/\/daykemsupham.edu.vn\/index.php\/wp-json\/wp\/v2\/types\/page"}],"author":[{"embeddable":true,"href":"https:\/\/daykemsupham.edu.vn\/index.php\/wp-json\/wp\/v2\/users\/1"}],"replies":[{"embeddable":true,"href":"https:\/\/daykemsupham.edu.vn\/index.php\/wp-json\/wp\/v2\/comments?post=231"}],"version-history":[{"count":2,"href":"https:\/\/daykemsupham.edu.vn\/index.php\/wp-json\/wp\/v2\/pages\/231\/revisions"}],"predecessor-version":[{"id":304,"href":"https:\/\/daykemsupham.edu.vn\/index.php\/wp-json\/wp\/v2\/pages\/231\/revisions\/304"}],"wp:attachment":[{"href":"https:\/\/daykemsupham.edu.vn\/index.php\/wp-json\/wp\/v2\/media?parent=231"}],"curies":[{"name":"wp","href":"https:\/\/api.w.org\/{rel}","templated":true}]}}