{"id":25,"date":"2020-08-26T07:47:35","date_gmt":"2020-08-26T07:47:35","guid":{"rendered":"http:\/\/daykemsupham.edu.vn\/?page_id=25"},"modified":"2023-02-04T07:10:47","modified_gmt":"2023-02-04T07:10:47","slug":"lien-he","status":"publish","type":"page","link":"https:\/\/daykemsupham.edu.vn\/index.php\/lien-he\/","title":{"rendered":"LI\u00caN H\u1ec6"},"content":{"rendered":"  <div id=\"page-header-334028793\" class=\"page-header-wrapper\">\n  <div class=\"page-title light simple-title\">\n\n    \n    <div class=\"page-title-inner container align-center text-center flex-row-col medium-flex-wrap\" >\n              <div class=\"title-wrapper flex-col\">\n          <h1 class=\"entry-title mb-0\">\n            LI\u00caN H\u1ec6          <\/h1>\n        <\/div>\n                    <div class=\"title-content flex-col\">\n        <div class=\"title-breadcrumbs pb-half pt-half\"><nav class=\"woocommerce-breadcrumb breadcrumbs uppercase\">Trang ch\u1ee7<\/nav><\/div>      <\/div>\n    <\/div>\n\n       <\/div>\n    <\/div>\n  \n<div class=\"row\"  id=\"row-1001003861\">\n\n\t<div id=\"col-867368168\" class=\"col medium-4 small-12 large-4\"  >\n\t\t<div class=\"col-inner\"  >\n\t\t\t\n\t\t\t\n<div class=\"accordion\" rel=\"\">\n<div class=\"accordion-item\"><a href=\"#\" class=\"accordion-title plain\"><button class=\"toggle\"><i class=\"icon-angle-down\"><\/i><\/button><span>\u0110\u1ec3 \u0111\u0103ng k\u00fd l\u00e0m gia s\u01b0 Trung t\u00e2m<\/span><\/a><div class=\"accordion-inner\">\n<p>C\u00e1c anh ch\u1ecb em c\u00f3 th\u1ec3 \u0111i\u1ec1n v\u00e0o bi\u1ec3u m\u1eabu tr\u00ean trang web n\u00e0y \u0111\u1ec3 cung c\u1ea5p c\u00e1c th\u00f4ng tin cho Trung t\u00e2m. Tr\u01b0\u1eddng h\u1ee3p mu\u1ed1n \u0111\u0103ng k\u00fd nhanh th\u00ec anh ch\u1ecb em c\u00f3 th\u1ec3 k\u1ebft b\u1ea1n Zalo s\u1ed1 0924106745.<\/p>\n<\/div><\/div>\n<div class=\"accordion-item\"><a href=\"#\" class=\"accordion-title plain\"><button class=\"toggle\"><i class=\"icon-angle-down\"><\/i><\/button><span>Ph\u1ee5 huynh li\u00ean h\u1ec7 t\u00ecm gia s\u01b0 b\u1eb1ng c\u00e1ch n\u00e0o?<\/span><\/a><div class=\"accordion-inner\">\n<p><em>Qu\u00fd PHHS v\u00e0 anh ch\u1ecb em h\u1ecdc vi\u00ean c\u00f3 th\u1ec3 t\u00ecm gia s\u01b0 b\u1eb1ng m\u1ed9t trong nh\u1eefng c\u00e1ch sau \u0111\u00e2y:<\/em><\/p>\n<ul>\n<li>\u0110i\u1ec1n v\u00e0o bi\u1ec3u m\u1eabu t\u00ecm gia s\u01b0 tr\u00ean trang web c\u1ee7a S\u01b0 Ph\u1ea1m Li\u00ean Hoa.<\/li>\n<li>Li\u00ean h\u1ec7 Zalo\/ho\u1eb7c g\u1ecdi s\u1ed1 0924106745 \u0111\u01b0\u1ee3c t\u00edch h\u1ee3p tr\u00ean m\u00e0n h\u00ecnh \u0111i\u1ec7n tho\u1ea1i.<\/li>\n<li>Li\u00ean h\u1ec7 Facebook ch\u00ednh th\u1ee9c c\u1ee7a S\u01b0 ph\u1ea1m Li\u00ean Hoa tr\u00ean m\u00e0n h\u00ecnh \u0111i\u1ec7n tho\u1ea1i ho\u1eb7c truy c\u1eadp v\u00e0o \u0111\u1ecba ch\u1ec9 <a href=\"https:\/\/www.facebook.com\/tuyengiasugiaovien24.7\">https:\/\/www.facebook.com\/tuyengiasugiaovien24.7<\/a>\u00a0 \u00a0<\/li>\n<\/ul>\n<\/div><\/div>\n<div class=\"accordion-item\"><a href=\"#\" class=\"accordion-title plain\"><button class=\"toggle\"><i class=\"icon-angle-down\"><\/i><\/button><span>Trung t\u00e2m mu\u1ed1n \u0111\u0103ng tin li\u00ean h\u1ec7 b\u1eb1ng c\u00e1ch n\u00e0o?<\/span><\/a><div class=\"accordion-inner\">\n<p><em>C\u00e1c anh ch\u1ecb c\u1ea7n \u0111\u0103ng b\u00e0i tuy\u1ec3n d\u1ee5ng l\u00ean c\u00e1c nh\u00f3m l\u1edbn nh\u01b0 Gia s\u01b0 kh\u00f4ng thu ph\u00ed t\u00ecm gi\u00e1o vi\u00ean nhanh, Ph\u1ee5 huynh t\u00ecm gia s\u01b0, \u0110\u1ea1i h\u1ecdc s\u01b0 ph\u1ea1m TPHCM, C\u1ed9ng \u0111\u1ed3ng gia s\u01b0 TPHCM xin li\u00ean h\u1ec7:<\/em><\/p>\n<ul>\n<li>qua Zalo s\u1ed1 0924106745 ho\u1eb7c fanpage <strong><em>Li\u00ean h\u1ec7 \u0111\u0103ng tin<\/em><\/strong> t\u1ea1i \u0111\u1ecba ch\u1ec9: <a href=\"https:\/\/www.facebook.com\/Li%C3%AAn-h%E1%BB%87-%C4%91%C4%83ng-tin-105068675231801\">https:\/\/www.facebook.com\/Li%C3%AAn-h%E1%BB%87-%C4%91%C4%83ng-tin-105068675231801<\/a>\u00a0<\/li>\n<li>Li\u00ean h\u1ec7 s\u1ed1 \u0111i\u1ec7n tho\u1ea1i \u0111\u01b0\u1eddng d\u00e2y n\u00f3ng 0906389365.<\/li>\n<\/ul>\n<\/div><\/div>\n<\/div>\n\t\t<\/div>\n\t\t\t<\/div>\n\n\t\n\n\t<div id=\"col-1636938915\" class=\"col medium-8 small-12 large-8\"  >\n\t\t<div class=\"col-inner\"  >\n\t\t\t\n\t\t\t\n<p><em><strong>H\u00e3y tham gia C\u1ed8NG \u0110\u1ed2NG GIA S\u01af C\u1ee6A TRUNG T\u00c2M GIA S\u01af S\u01af PH\u1ea0M LI\u00caN HOA \u0111\u1ec3 c\u00f3 th\u00eam nhi\u1ec1u l\u1edbp d\u1ea1y.<\/strong><\/em><\/p>\n<ol>\n<li>C\u1ed8NG \u0110\u1ed2NG GIA S\u01af D\u1ea0Y K\u00c8M T\u1ea0I NH\u00c0 TP. HCM <a href=\"https:\/\/www.facebook.com\/groups\/giasusupham\">https:\/\/www.facebook.com\/groups\/giasusupham<\/a>\u00a0<\/li>\n<\/ol>\n<p>\u00a02.\u00a0 NH\u00d3M T\u00ccM GIA S\u01af ONLINE V\u00c0 D\u1ea0Y K\u00c8M T\u1ea0I NH\u00c0:\u00a0\u00a0<a href=\"https:\/\/www.facebook.com\/groups\/lotustutor\">https:\/\/www.facebook.com\/groups\/lotustutor<\/a><\/p>\n<p>\u00a03. NH\u00d3M T\u00ccM GIA S\u01af TPHCM &#8211;\u00a0\u00a0<a href=\"https:\/\/www.facebook.com\/groups\/groupgiasu\/\">https:\/\/www.facebook.com\/groups\/groupgiasu\/<\/a><\/p>\n<p>\u00a04. T\u00ccM GIA S\u01af: <a href=\"https:\/\/www.facebook.com\/groups\/groupgiaovientphcmofficial\/\">https:\/\/www.facebook.com\/groups\/groupgiaovientphcmofficial\/<\/a> \u00a0<\/p>\n\t\t<\/div>\n\t\t\t<\/div>\n\n\t\n<\/div>\n","protected":false},"excerpt":{"rendered":"","protected":false},"author":1,"featured_media":0,"parent":0,"menu_order":0,"comment_status":"closed","ping_status":"closed","template":"","meta":[],"yoast_head":"<!-- This site is optimized with the Yoast SEO plugin v19.14 - https:\/\/yoast.com\/wordpress\/plugins\/seo\/ -->\n<title>LI\u00caN H\u1ec6 | TRUNG T\u00c2M GIA S\u01af S\u01af PH\u1ea0M LI\u00caN HOA<\/title>\n<meta name=\"robots\" content=\"index, follow, max-snippet:-1, max-image-preview:large, max-video-preview:-1\" \/>\n<link rel=\"canonical\" href=\"https:\/\/daykemsupham.edu.vn\/index.php\/lien-he\/\" \/>\n<meta property=\"og:locale\" content=\"vi_VN\" \/>\n<meta property=\"og:type\" content=\"article\" \/>\n<meta property=\"og:title\" content=\"LI\u00caN H\u1ec6 | TRUNG T\u00c2M GIA S\u01af S\u01af PH\u1ea0M LI\u00caN HOA\" \/>\n<meta property=\"og:url\" content=\"https:\/\/daykemsupham.edu.vn\/index.php\/lien-he\/\" \/>\n<meta property=\"og:site_name\" content=\"TRUNG T\u00c2M GIA S\u01af S\u01af PH\u1ea0M LI\u00caN HOA\" \/>\n<meta property=\"article:modified_time\" content=\"2023-02-04T07:10:47+00:00\" \/>\n<meta name=\"twitter:card\" content=\"summary_large_image\" \/>\n<meta name=\"twitter:label1\" content=\"\u01af\u1edbc t\u00ednh th\u1eddi gian \u0111\u1ecdc\" \/>\n\t<meta name=\"twitter:data1\" content=\"2 ph\u00fat\" \/>\n<script type=\"application\/ld+json\" class=\"yoast-schema-graph\">{\"@context\":\"https:\/\/schema.org\",\"@graph\":[{\"@type\":\"WebPage\",\"@id\":\"https:\/\/daykemsupham.edu.vn\/index.php\/lien-he\/\",\"url\":\"https:\/\/daykemsupham.edu.vn\/index.php\/lien-he\/\",\"name\":\"LI\u00caN H\u1ec6 | TRUNG T\u00c2M GIA S\u01af S\u01af PH\u1ea0M LI\u00caN HOA\",\"isPartOf\":{\"@id\":\"https:\/\/daykemsupham.edu.vn\/#website\"},\"datePublished\":\"2020-08-26T07:47:35+00:00\",\"dateModified\":\"2023-02-04T07:10:47+00:00\",\"breadcrumb\":{\"@id\":\"https:\/\/daykemsupham.edu.vn\/index.php\/lien-he\/#breadcrumb\"},\"inLanguage\":\"vi\",\"potentialAction\":[{\"@type\":\"ReadAction\",\"target\":[\"https:\/\/daykemsupham.edu.vn\/index.php\/lien-he\/\"]}]},{\"@type\":\"BreadcrumbList\",\"@id\":\"https:\/\/daykemsupham.edu.vn\/index.php\/lien-he\/#breadcrumb\",\"itemListElement\":[{\"@type\":\"ListItem\",\"position\":1,\"name\":\"Trang ch\u1ee7\",\"item\":\"https:\/\/daykemsupham.edu.vn\/\"},{\"@type\":\"ListItem\",\"position\":2,\"name\":\"LI\u00caN H\u1ec6\"}]},{\"@type\":\"WebSite\",\"@id\":\"https:\/\/daykemsupham.edu.vn\/#website\",\"url\":\"https:\/\/daykemsupham.edu.vn\/\",\"name\":\"TRUNG T\u00c2M GIA S\u01af S\u01af PH\u1ea0M LI\u00caN HOA\",\"description\":\"\",\"publisher\":{\"@id\":\"https:\/\/daykemsupham.edu.vn\/#\/schema\/person\/541566b20ae76355fe50b49911f7033b\"},\"potentialAction\":[{\"@type\":\"SearchAction\",\"target\":{\"@type\":\"EntryPoint\",\"urlTemplate\":\"https:\/\/daykemsupham.edu.vn\/?s={search_term_string}\"},\"query-input\":\"required name=search_term_string\"}],\"inLanguage\":\"vi\"},{\"@type\":[\"Person\",\"Organization\"],\"@id\":\"https:\/\/daykemsupham.edu.vn\/#\/schema\/person\/541566b20ae76355fe50b49911f7033b\",\"name\":\"giasusuphamlienhoa\",\"image\":{\"@type\":\"ImageObject\",\"inLanguage\":\"vi\",\"@id\":\"https:\/\/daykemsupham.edu.vn\/#\/schema\/person\/image\/\",\"url\":\"https:\/\/daykemsupham.edu.vn\/wp-content\/uploads\/2020\/08\/LIEN-HOA-04.png\",\"contentUrl\":\"https:\/\/daykemsupham.edu.vn\/wp-content\/uploads\/2020\/08\/LIEN-HOA-04.png\",\"width\":1113,\"height\":874,\"caption\":\"giasusuphamlienhoa\"},\"logo\":{\"@id\":\"https:\/\/daykemsupham.edu.vn\/#\/schema\/person\/image\/\"},\"sameAs\":[\"http:\/\/daykemsupham.edu.vn\"]}]}<\/script>\n<!-- \/ Yoast SEO plugin. -->","yoast_head_json":{"title":"LI\u00caN H\u1ec6 | TRUNG T\u00c2M GIA S\u01af S\u01af PH\u1ea0M LI\u00caN HOA","robots":{"index":"index","follow":"follow","max-snippet":"max-snippet:-1","max-image-preview":"max-image-preview:large","max-video-preview":"max-video-preview:-1"},"canonical":"https:\/\/daykemsupham.edu.vn\/index.php\/lien-he\/","og_locale":"vi_VN","og_type":"article","og_title":"LI\u00caN H\u1ec6 | TRUNG T\u00c2M GIA S\u01af S\u01af PH\u1ea0M LI\u00caN HOA","og_url":"https:\/\/daykemsupham.edu.vn\/index.php\/lien-he\/","og_site_name":"TRUNG T\u00c2M GIA S\u01af S\u01af PH\u1ea0M LI\u00caN HOA","article_modified_time":"2023-02-04T07:10:47+00:00","twitter_card":"summary_large_image","twitter_misc":{"\u01af\u1edbc t\u00ednh th\u1eddi gian \u0111\u1ecdc":"2 ph\u00fat"},"schema":{"@context":"https:\/\/schema.org","@graph":[{"@type":"WebPage","@id":"https:\/\/daykemsupham.edu.vn\/index.php\/lien-he\/","url":"https:\/\/daykemsupham.edu.vn\/index.php\/lien-he\/","name":"LI\u00caN H\u1ec6 | TRUNG T\u00c2M GIA S\u01af S\u01af PH\u1ea0M LI\u00caN HOA","isPartOf":{"@id":"https:\/\/daykemsupham.edu.vn\/#website"},"datePublished":"2020-08-26T07:47:35+00:00","dateModified":"2023-02-04T07:10:47+00:00","breadcrumb":{"@id":"https:\/\/daykemsupham.edu.vn\/index.php\/lien-he\/#breadcrumb"},"inLanguage":"vi","potentialAction":[{"@type":"ReadAction","target":["https:\/\/daykemsupham.edu.vn\/index.php\/lien-he\/"]}]},{"@type":"BreadcrumbList","@id":"https:\/\/daykemsupham.edu.vn\/index.php\/lien-he\/#breadcrumb","itemListElement":[{"@type":"ListItem","position":1,"name":"Trang ch\u1ee7","item":"https:\/\/daykemsupham.edu.vn\/"},{"@type":"ListItem","position":2,"name":"LI\u00caN H\u1ec6"}]},{"@type":"WebSite","@id":"https:\/\/daykemsupham.edu.vn\/#website","url":"https:\/\/daykemsupham.edu.vn\/","name":"TRUNG T\u00c2M GIA S\u01af S\u01af PH\u1ea0M LI\u00caN HOA","description":"","publisher":{"@id":"https:\/\/daykemsupham.edu.vn\/#\/schema\/person\/541566b20ae76355fe50b49911f7033b"},"potentialAction":[{"@type":"SearchAction","target":{"@type":"EntryPoint","urlTemplate":"https:\/\/daykemsupham.edu.vn\/?s={search_term_string}"},"query-input":"required name=search_term_string"}],"inLanguage":"vi"},{"@type":["Person","Organization"],"@id":"https:\/\/daykemsupham.edu.vn\/#\/schema\/person\/541566b20ae76355fe50b49911f7033b","name":"giasusuphamlienhoa","image":{"@type":"ImageObject","inLanguage":"vi","@id":"https:\/\/daykemsupham.edu.vn\/#\/schema\/person\/image\/","url":"https:\/\/daykemsupham.edu.vn\/wp-content\/uploads\/2020\/08\/LIEN-HOA-04.png","contentUrl":"https:\/\/daykemsupham.edu.vn\/wp-content\/uploads\/2020\/08\/LIEN-HOA-04.png","width":1113,"height":874,"caption":"giasusuphamlienhoa"},"logo":{"@id":"https:\/\/daykemsupham.edu.vn\/#\/schema\/person\/image\/"},"sameAs":["http:\/\/daykemsupham.edu.vn"]}]}},"_links":{"self":[{"href":"https:\/\/daykemsupham.edu.vn\/index.php\/wp-json\/wp\/v2\/pages\/25"}],"collection":[{"href":"https:\/\/daykemsupham.edu.vn\/index.php\/wp-json\/wp\/v2\/pages"}],"about":[{"href":"https:\/\/daykemsupham.edu.vn\/index.php\/wp-json\/wp\/v2\/types\/page"}],"author":[{"embeddable":true,"href":"https:\/\/daykemsupham.edu.vn\/index.php\/wp-json\/wp\/v2\/users\/1"}],"replies":[{"embeddable":true,"href":"https:\/\/daykemsupham.edu.vn\/index.php\/wp-json\/wp\/v2\/comments?post=25"}],"version-history":[{"count":10,"href":"https:\/\/daykemsupham.edu.vn\/index.php\/wp-json\/wp\/v2\/pages\/25\/revisions"}],"predecessor-version":[{"id":818,"href":"https:\/\/daykemsupham.edu.vn\/index.php\/wp-json\/wp\/v2\/pages\/25\/revisions\/818"}],"wp:attachment":[{"href":"https:\/\/daykemsupham.edu.vn\/index.php\/wp-json\/wp\/v2\/media?parent=25"}],"curies":[{"name":"wp","href":"https:\/\/api.w.org\/{rel}","templated":true}]}}