{"id":27,"date":"2020-08-26T07:47:57","date_gmt":"2020-08-26T07:47:57","guid":{"rendered":"http:\/\/daykemsupham.edu.vn\/?page_id=27"},"modified":"2024-08-24T00:35:28","modified_gmt":"2024-08-24T00:35:28","slug":"dang-ky-hoc","status":"publish","type":"page","link":"https:\/\/daykemsupham.edu.vn\/index.php\/dang-ky-hoc\/","title":{"rendered":"\u0110\u0102NG K\u00dd H\u1eccC"},"content":{"rendered":"  <div id=\"page-header-1340420944\" class=\"page-header-wrapper\">\n  <div class=\"page-title light simple-title\">\n\n    \n    <div class=\"page-title-inner container align-center text-center flex-row-col medium-flex-wrap\" >\n              <div class=\"title-wrapper flex-col\">\n          <h1 class=\"entry-title mb-0\">\n            \u0110\u0102NG K\u00dd H\u1eccC          <\/h1>\n        <\/div>\n                    <div class=\"title-content flex-col\">\n        <div class=\"title-breadcrumbs pb-half pt-half\"><nav class=\"woocommerce-breadcrumb breadcrumbs uppercase\">Trang ch\u1ee7<\/nav><\/div>      <\/div>\n    <\/div>\n\n       <\/div>\n    <\/div>\n  \n\t<section class=\"section\" id=\"section_1464594983\">\n\t\t<div class=\"bg section-bg fill bg-fill  bg-loaded\" >\n\n\t\t\t\n\t\t\t\n\t\t\t\n\n\t\t<\/div>\n\n\t\t<div class=\"section-content relative\">\n\t\t\t\n<div class=\"row row-divided\"  id=\"row-1482631846\">\n\n\t<div id=\"col-661917019\" class=\"col medium-6 small-12 large-6\"  data-animate=\"bounceInDown\">\n\t\t<div class=\"col-inner\"  >\n\t\t\t\n\t\t\t\n<h3><span style=\"color: #50b848; font-size: 105%;\">CHAT V\u1edaI CH\u00daNG T\u00d4I <a href=\"http:\/\/m.me\/tuyengiasugiaovien24.7\">http:\/\/m.me\/tuyengiasugiaovien24.7<\/a><\/span><\/h3>\n<p><span style=\"font-size: 105%;\"><span style=\"font-size: 115%;\">ho\u1eb7c<\/span> <span style=\"color: #50b848;\">\u0110I\u1ec0N V\u00c0O BI\u1ec2U M\u1eaaU<span style=\"font-size: 115%;\"> <strong>b\u00ean tay ph\u1ea3i<\/strong>, <span style=\"color: #000000;\">ghi ch\u00fa c\u00e1c th\u00f4ng tin.<\/span><\/span><\/span><\/span><\/p>\n<p><span style=\"font-size: 105%;\"><span style=\"color: #50b848;\"><span style=\"font-size: 115%;\"><span style=\"color: #000000;\">ho\u1eb7c c\u00f3 th\u1ec3<\/span> INBOX HO\u1eb6C G\u1eccI\u00a0 Zalo s\u1ed1 0908146387<\/span><\/span> <span style=\"font-size: 115%; color: #000000;\">\u0111\u1ec3 \u0111\u01b0\u1ee3c h\u1ed7 tr\u1ee3 t\u00ecm gia s\u01b0 nh\u00e9 \u1ea1.<\/span><\/span><\/p>\n<p>\u00a0<\/p>\n\t<div class=\"img has-hover x md-x lg-x y md-y lg-y\" id=\"image_528699534\">\n\t\t\t\t\t\t<div data-animate=\"bounceInUp\">\t\t<div class=\"img-inner dark\" >\n\t\t\t<img width=\"960\" height=\"626\" src=\"https:\/\/daykemsupham.edu.vn\/wp-content\/uploads\/2020\/08\/103392206_1215589748778669_2362555778479430882_n.jpg\" class=\"attachment-original size-original\" alt=\"\" decoding=\"async\" loading=\"lazy\" srcset=\"https:\/\/daykemsupham.edu.vn\/wp-content\/uploads\/2020\/08\/103392206_1215589748778669_2362555778479430882_n.jpg 960w, https:\/\/daykemsupham.edu.vn\/wp-content\/uploads\/2020\/08\/103392206_1215589748778669_2362555778479430882_n-510x333.jpg 510w, https:\/\/daykemsupham.edu.vn\/wp-content\/uploads\/2020\/08\/103392206_1215589748778669_2362555778479430882_n-300x196.jpg 300w, https:\/\/daykemsupham.edu.vn\/wp-content\/uploads\/2020\/08\/103392206_1215589748778669_2362555778479430882_n-768x501.jpg 768w\" sizes=\"(max-width: 960px) 100vw, 960px\" \/>\t\t\t\t\t\t\n\t\t\t\t\t<\/div>\n\t\t<\/div>\t\t\t\t\t\t\n<style>\n#image_528699534 {\n  width: 100%;\n}\n<\/style>\n\t<\/div>\n\t\n\t\t<\/div>\n\t\t\t<\/div>\n\n\t\n\n\t<div id=\"col-1788093224\" class=\"col medium-6 small-12 large-6\"  data-animate=\"bounceInUp\">\n\t\t<div class=\"col-inner\"  >\n\t\t\t\n\t\t\t\n[ninja_form id=&#8217;3&#8242;]\n\t\t<\/div>\n\t\t\t<\/div>\n\n\t\n<\/div>\n\t\t<\/div>\n\n\t\t\n<style>\n#section_1464594983 {\n  padding-top: 30px;\n  padding-bottom: 30px;\n}\n<\/style>\n\t<\/section>\n\t\n","protected":false},"excerpt":{"rendered":"","protected":false},"author":1,"featured_media":0,"parent":0,"menu_order":0,"comment_status":"closed","ping_status":"closed","template":"","meta":[],"yoast_head":"<!-- This site is optimized with the Yoast SEO plugin v19.14 - https:\/\/yoast.com\/wordpress\/plugins\/seo\/ -->\n<title>\u0110\u0102NG K\u00dd H\u1eccC | TRUNG T\u00c2M GIA S\u01af S\u01af PH\u1ea0M LI\u00caN HOA<\/title>\n<meta name=\"robots\" content=\"index, follow, max-snippet:-1, max-image-preview:large, max-video-preview:-1\" \/>\n<link rel=\"canonical\" href=\"https:\/\/daykemsupham.edu.vn\/index.php\/dang-ky-hoc\/\" \/>\n<meta property=\"og:locale\" content=\"vi_VN\" \/>\n<meta property=\"og:type\" content=\"article\" \/>\n<meta property=\"og:title\" content=\"\u0110\u0102NG K\u00dd H\u1eccC | TRUNG T\u00c2M GIA S\u01af S\u01af PH\u1ea0M LI\u00caN HOA\" \/>\n<meta property=\"og:url\" content=\"https:\/\/daykemsupham.edu.vn\/index.php\/dang-ky-hoc\/\" \/>\n<meta property=\"og:site_name\" content=\"TRUNG T\u00c2M GIA S\u01af S\u01af PH\u1ea0M LI\u00caN HOA\" \/>\n<meta property=\"article:modified_time\" content=\"2024-08-24T00:35:28+00:00\" \/>\n<meta name=\"twitter:card\" content=\"summary_large_image\" \/>\n<script type=\"application\/ld+json\" class=\"yoast-schema-graph\">{\"@context\":\"https:\/\/schema.org\",\"@graph\":[{\"@type\":\"WebPage\",\"@id\":\"https:\/\/daykemsupham.edu.vn\/index.php\/dang-ky-hoc\/\",\"url\":\"https:\/\/daykemsupham.edu.vn\/index.php\/dang-ky-hoc\/\",\"name\":\"\u0110\u0102NG K\u00dd H\u1eccC | TRUNG T\u00c2M GIA S\u01af S\u01af PH\u1ea0M LI\u00caN HOA\",\"isPartOf\":{\"@id\":\"https:\/\/daykemsupham.edu.vn\/#website\"},\"datePublished\":\"2020-08-26T07:47:57+00:00\",\"dateModified\":\"2024-08-24T00:35:28+00:00\",\"breadcrumb\":{\"@id\":\"https:\/\/daykemsupham.edu.vn\/index.php\/dang-ky-hoc\/#breadcrumb\"},\"inLanguage\":\"vi\",\"potentialAction\":[{\"@type\":\"ReadAction\",\"target\":[\"https:\/\/daykemsupham.edu.vn\/index.php\/dang-ky-hoc\/\"]}]},{\"@type\":\"BreadcrumbList\",\"@id\":\"https:\/\/daykemsupham.edu.vn\/index.php\/dang-ky-hoc\/#breadcrumb\",\"itemListElement\":[{\"@type\":\"ListItem\",\"position\":1,\"name\":\"Trang ch\u1ee7\",\"item\":\"https:\/\/daykemsupham.edu.vn\/\"},{\"@type\":\"ListItem\",\"position\":2,\"name\":\"\u0110\u0102NG K\u00dd H\u1eccC\"}]},{\"@type\":\"WebSite\",\"@id\":\"https:\/\/daykemsupham.edu.vn\/#website\",\"url\":\"https:\/\/daykemsupham.edu.vn\/\",\"name\":\"TRUNG T\u00c2M GIA S\u01af S\u01af PH\u1ea0M LI\u00caN HOA\",\"description\":\"\",\"publisher\":{\"@id\":\"https:\/\/daykemsupham.edu.vn\/#\/schema\/person\/541566b20ae76355fe50b49911f7033b\"},\"potentialAction\":[{\"@type\":\"SearchAction\",\"target\":{\"@type\":\"EntryPoint\",\"urlTemplate\":\"https:\/\/daykemsupham.edu.vn\/?s={search_term_string}\"},\"query-input\":\"required name=search_term_string\"}],\"inLanguage\":\"vi\"},{\"@type\":[\"Person\",\"Organization\"],\"@id\":\"https:\/\/daykemsupham.edu.vn\/#\/schema\/person\/541566b20ae76355fe50b49911f7033b\",\"name\":\"giasusuphamlienhoa\",\"image\":{\"@type\":\"ImageObject\",\"inLanguage\":\"vi\",\"@id\":\"https:\/\/daykemsupham.edu.vn\/#\/schema\/person\/image\/\",\"url\":\"https:\/\/daykemsupham.edu.vn\/wp-content\/uploads\/2020\/08\/LIEN-HOA-04.png\",\"contentUrl\":\"https:\/\/daykemsupham.edu.vn\/wp-content\/uploads\/2020\/08\/LIEN-HOA-04.png\",\"width\":1113,\"height\":874,\"caption\":\"giasusuphamlienhoa\"},\"logo\":{\"@id\":\"https:\/\/daykemsupham.edu.vn\/#\/schema\/person\/image\/\"},\"sameAs\":[\"http:\/\/daykemsupham.edu.vn\"]}]}<\/script>\n<!-- \/ Yoast SEO plugin. -->","yoast_head_json":{"title":"\u0110\u0102NG K\u00dd H\u1eccC | TRUNG T\u00c2M GIA S\u01af S\u01af PH\u1ea0M LI\u00caN HOA","robots":{"index":"index","follow":"follow","max-snippet":"max-snippet:-1","max-image-preview":"max-image-preview:large","max-video-preview":"max-video-preview:-1"},"canonical":"https:\/\/daykemsupham.edu.vn\/index.php\/dang-ky-hoc\/","og_locale":"vi_VN","og_type":"article","og_title":"\u0110\u0102NG K\u00dd H\u1eccC | TRUNG T\u00c2M GIA S\u01af S\u01af PH\u1ea0M LI\u00caN HOA","og_url":"https:\/\/daykemsupham.edu.vn\/index.php\/dang-ky-hoc\/","og_site_name":"TRUNG T\u00c2M GIA S\u01af S\u01af PH\u1ea0M LI\u00caN HOA","article_modified_time":"2024-08-24T00:35:28+00:00","twitter_card":"summary_large_image","schema":{"@context":"https:\/\/schema.org","@graph":[{"@type":"WebPage","@id":"https:\/\/daykemsupham.edu.vn\/index.php\/dang-ky-hoc\/","url":"https:\/\/daykemsupham.edu.vn\/index.php\/dang-ky-hoc\/","name":"\u0110\u0102NG K\u00dd H\u1eccC | TRUNG T\u00c2M GIA S\u01af S\u01af PH\u1ea0M LI\u00caN HOA","isPartOf":{"@id":"https:\/\/daykemsupham.edu.vn\/#website"},"datePublished":"2020-08-26T07:47:57+00:00","dateModified":"2024-08-24T00:35:28+00:00","breadcrumb":{"@id":"https:\/\/daykemsupham.edu.vn\/index.php\/dang-ky-hoc\/#breadcrumb"},"inLanguage":"vi","potentialAction":[{"@type":"ReadAction","target":["https:\/\/daykemsupham.edu.vn\/index.php\/dang-ky-hoc\/"]}]},{"@type":"BreadcrumbList","@id":"https:\/\/daykemsupham.edu.vn\/index.php\/dang-ky-hoc\/#breadcrumb","itemListElement":[{"@type":"ListItem","position":1,"name":"Trang ch\u1ee7","item":"https:\/\/daykemsupham.edu.vn\/"},{"@type":"ListItem","position":2,"name":"\u0110\u0102NG K\u00dd H\u1eccC"}]},{"@type":"WebSite","@id":"https:\/\/daykemsupham.edu.vn\/#website","url":"https:\/\/daykemsupham.edu.vn\/","name":"TRUNG T\u00c2M GIA S\u01af S\u01af PH\u1ea0M LI\u00caN HOA","description":"","publisher":{"@id":"https:\/\/daykemsupham.edu.vn\/#\/schema\/person\/541566b20ae76355fe50b49911f7033b"},"potentialAction":[{"@type":"SearchAction","target":{"@type":"EntryPoint","urlTemplate":"https:\/\/daykemsupham.edu.vn\/?s={search_term_string}"},"query-input":"required name=search_term_string"}],"inLanguage":"vi"},{"@type":["Person","Organization"],"@id":"https:\/\/daykemsupham.edu.vn\/#\/schema\/person\/541566b20ae76355fe50b49911f7033b","name":"giasusuphamlienhoa","image":{"@type":"ImageObject","inLanguage":"vi","@id":"https:\/\/daykemsupham.edu.vn\/#\/schema\/person\/image\/","url":"https:\/\/daykemsupham.edu.vn\/wp-content\/uploads\/2020\/08\/LIEN-HOA-04.png","contentUrl":"https:\/\/daykemsupham.edu.vn\/wp-content\/uploads\/2020\/08\/LIEN-HOA-04.png","width":1113,"height":874,"caption":"giasusuphamlienhoa"},"logo":{"@id":"https:\/\/daykemsupham.edu.vn\/#\/schema\/person\/image\/"},"sameAs":["http:\/\/daykemsupham.edu.vn"]}]}},"_links":{"self":[{"href":"https:\/\/daykemsupham.edu.vn\/index.php\/wp-json\/wp\/v2\/pages\/27"}],"collection":[{"href":"https:\/\/daykemsupham.edu.vn\/index.php\/wp-json\/wp\/v2\/pages"}],"about":[{"href":"https:\/\/daykemsupham.edu.vn\/index.php\/wp-json\/wp\/v2\/types\/page"}],"author":[{"embeddable":true,"href":"https:\/\/daykemsupham.edu.vn\/index.php\/wp-json\/wp\/v2\/users\/1"}],"replies":[{"embeddable":true,"href":"https:\/\/daykemsupham.edu.vn\/index.php\/wp-json\/wp\/v2\/comments?post=27"}],"version-history":[{"count":14,"href":"https:\/\/daykemsupham.edu.vn\/index.php\/wp-json\/wp\/v2\/pages\/27\/revisions"}],"predecessor-version":[{"id":1055,"href":"https:\/\/daykemsupham.edu.vn\/index.php\/wp-json\/wp\/v2\/pages\/27\/revisions\/1055"}],"wp:attachment":[{"href":"https:\/\/daykemsupham.edu.vn\/index.php\/wp-json\/wp\/v2\/media?parent=27"}],"curies":[{"name":"wp","href":"https:\/\/api.w.org\/{rel}","templated":true}]}}