{"id":29,"date":"2020-08-26T07:48:09","date_gmt":"2020-08-26T07:48:09","guid":{"rendered":"http:\/\/daykemsupham.edu.vn\/?page_id=29"},"modified":"2024-08-23T09:09:25","modified_gmt":"2024-08-23T09:09:25","slug":"dang-ky-lam-gia-su","status":"publish","type":"page","link":"https:\/\/daykemsupham.edu.vn\/index.php\/dang-ky-lam-gia-su\/","title":{"rendered":"\u0110\u0102NG K\u00dd L\u00c0M GIA S\u01af"},"content":{"rendered":"  <div id=\"page-header-497547269\" class=\"page-header-wrapper\">\n  <div class=\"page-title light simple-title\">\n\n    \n    <div class=\"page-title-inner container align-center text-center flex-row-col medium-flex-wrap\" >\n              <div class=\"title-wrapper flex-col\">\n          <h1 class=\"entry-title mb-0\">\n            \u0110\u0102NG K\u00dd L\u00c0M GIA S\u01af          <\/h1>\n        <\/div>\n                    <div class=\"title-content flex-col\">\n        <div class=\"title-breadcrumbs pb-half pt-half\"><nav class=\"woocommerce-breadcrumb breadcrumbs uppercase\">Trang ch\u1ee7<\/nav><\/div>      <\/div>\n    <\/div>\n\n       <\/div>\n    <\/div>\n  \n<div class=\"row\"  id=\"row-1597128868\">\n\n\t<div id=\"col-577753270\" class=\"col medium-6 small-12 large-6\"  data-animate=\"bounceInUp\">\n\t\t<div class=\"col-inner\"  >\n\t\t\t\n\t\t\t\n[ninja_form id=&#8217;4&#8242;]\n\t\t<\/div>\n\t\t\t<\/div>\n\n\t\n\n\t<div id=\"col-224496911\" class=\"col medium-6 small-12 large-6\"  data-animate=\"bounceInUp\">\n\t\t<div class=\"col-inner\"  >\n\t\t\t\n\t\t\t\n<h3>H\u01af\u1edaNG D\u1eaaN C\u00c1CH \u0110\u0102NG K\u00dd L\u00c0M GIA S\u01af<\/h3>\n<p><em>Gia s\u01b0 S\u01b0 Ph\u1ea1m Li\u00ean Hoa l\u00e0 trung t\u00e2m gia s\u01b0 <span style=\"color: #50b848;\">uy t\u00edn h\u00e0ng \u0111\u1ea7u<\/span> t\u1ea1i TP.HCM v\u1ec1 v\u1ea5n \u0111\u1ec1 ph\u00ed nh\u1eadn l\u1edbp v\u00e0 ch\u1ea5t l\u01b0\u1ee3ng l\u1edbp gia s\u01b0 n\u00ean gia s\u01b0 y\u00ean t\u00e2m nh\u1eadn l\u1edbp. \u0110\u0103ng k\u00fd l\u00e0m gia s\u01b0 v\u00f4 c\u00f9ng d\u1ec5 d\u00e0ng b\u1ea1n c\u00f3 th\u1ec3:<\/em><\/p>\n<p><em>+ <span style=\"color: #50b848;\">Nh\u1ea5p <\/span>v\u00e0o n\u00fat l\u1ec7nh ph\u00eda tay ph\u1ea3i trang web\u00a0 <img decoding=\"async\" loading=\"lazy\" class=\"alignnonewp-image-617\" src=\"https:\/\/daykemsupham.edu.vn\/wp-content\/uploads\/2021\/08\/335-3355144_seller-registration-icon-class-register-icon-png-286x300.jpg\" alt=\"\" width=\"44\" height=\"46\" srcset=\"https:\/\/daykemsupham.edu.vn\/wp-content\/uploads\/2021\/08\/335-3355144_seller-registration-icon-class-register-icon-png-286x300.jpg 286w, https:\/\/daykemsupham.edu.vn\/wp-content\/uploads\/2021\/08\/335-3355144_seller-registration-icon-class-register-icon-png-510x534.jpg 510w, https:\/\/daykemsupham.edu.vn\/wp-content\/uploads\/2021\/08\/335-3355144_seller-registration-icon-class-register-icon-png-768x805.jpg 768w, https:\/\/daykemsupham.edu.vn\/wp-content\/uploads\/2021\/08\/335-3355144_seller-registration-icon-class-register-icon-png-600x629.jpg 600w, https:\/\/daykemsupham.edu.vn\/wp-content\/uploads\/2021\/08\/335-3355144_seller-registration-icon-class-register-icon-png.jpg 820w\" sizes=\"(max-width: 44px) 100vw, 44px\" \/>v\u00e0 <span style=\"color: #50b848;\">\u0111i\u1ec1n v\u00e0o bi\u1ec3u m\u1eabu<\/span> m\u00e0 ch\u00fang t\u00f4i cung c\u1ea5p\/ ho\u1eb7c <span style=\"color: #50b848;\">g\u1eedi th\u00f4ng tin<\/span> v\u00e0o \u0111\u1ecba ch\u1ec9 mail giasusuphamlienhoa@gmail.com\/g\u1eedi th\u00f4ng tin \u0111\u1ebfn s\u1ed1 Zalo 0908146387<\/em><\/p>\n<p><em>+ Tham gia c\u00e1c nh\u00f3m Facebook <img decoding=\"async\" loading=\"lazy\" class=\"alignnonewp-image-645\" src=\"https:\/\/daykemsupham.edu.vn\/wp-content\/uploads\/2021\/08\/430-4308984_facebook-members-only-group-coaching-moderata-samlingspartiet-1-286x300.jpg\" alt=\"\" width=\"36\" height=\"38\" srcset=\"https:\/\/daykemsupham.edu.vn\/wp-content\/uploads\/2021\/08\/430-4308984_facebook-members-only-group-coaching-moderata-samlingspartiet-1-286x300.jpg 286w, https:\/\/daykemsupham.edu.vn\/wp-content\/uploads\/2021\/08\/430-4308984_facebook-members-only-group-coaching-moderata-samlingspartiet-1-510x535.jpg 510w, https:\/\/daykemsupham.edu.vn\/wp-content\/uploads\/2021\/08\/430-4308984_facebook-members-only-group-coaching-moderata-samlingspartiet-1-768x805.jpg 768w, https:\/\/daykemsupham.edu.vn\/wp-content\/uploads\/2021\/08\/430-4308984_facebook-members-only-group-coaching-moderata-samlingspartiet-1-600x629.jpg 600w, https:\/\/daykemsupham.edu.vn\/wp-content\/uploads\/2021\/08\/430-4308984_facebook-members-only-group-coaching-moderata-samlingspartiet-1.jpg 820w\" sizes=\"(max-width: 36px) 100vw, 36px\" \/>c\u1ee7a ch\u00fang t\u00f4i:\u00a0<\/em><\/p>\n<ol>\n<li>C\u1ed8NG \u0110\u1ed2NG GIA S\u01af TP. H\u1ed2 CH\u00cd MINH &#8211;\u00a0<a href=\"https:\/\/www.facebook.com\/groups\/giasusupham\">https:\/\/www.facebook.com\/groups\/giasusupham<\/a>\u00a0<\/li>\n<li>GIA S\u01af TP.HCM KH\u00d4NG THU PH\u00cd T\u00ccM GI\u00c1O VI\u00caN NHANH &#8211;\u00a0<a href=\"https:\/\/www.facebook.com\/groups\/tuyensinhdaihocsuphamtphcm\/\">https:\/\/www.facebook.com\/groups\/tuyensinhdaihocsuphamtphcm\/<\/a>\u00a0<\/li>\n<li>GROUP GIA S\u01af 4.0 &#8211; <a href=\"https:\/\/www.facebook.com\/groups\/giasu4.0\/\">https:\/\/www.facebook.com\/groups\/giasu4.0\/<\/a><\/li>\n<li>NH\u00d3M T\u00ccM GIA S\u01af 4.0 &#8211; <a href=\"https:\/\/www.facebook.com\/groups\/hcmtutor\/\">https:\/\/www.facebook.com\/groups\/hcmtutor\/<\/a><\/li>\n<li>G\u1eedi tin nh\u1eafn v\u00e0o fanpage\u00a0<a href=\"https:\/\/www.facebook.com\/tuyengiasugiaovien24.7\">https:\/\/www.facebook.com\/tuyengiasugiaovien24.7<\/a>\u00a0 \u00a0 \u00a0 \u00a0 \u00a0 \u00a0 \u00a0 \u00a0 \u00a0 \u00a0 \u00a0 \u00a0 Xin c\u1ea3m \u01a1n c\u00e1c gia s\u01b0 \u1ea1.<\/li>\n<\/ol>\n\t\t<\/div>\n\t\t\t<\/div>\n\n\t\n<\/div>\n\t<section class=\"section\" id=\"section_1120297591\">\n\t\t<div class=\"bg section-bg fill bg-fill  bg-loaded\" >\n\n\t\t\t\n\t\t\t\n\t\t\t\n\n\t\t<\/div>\n\n\t\t<div class=\"section-content relative\">\n\t\t\t\n\t<div class=\"img has-hover x md-x lg-x y md-y lg-y\" id=\"image_180929523\">\n\t\t\t\t\t\t\t\t<div class=\"img-inner dark\" >\n\t\t\t<img width=\"960\" height=\"626\" src=\"https:\/\/daykemsupham.edu.vn\/wp-content\/uploads\/2021\/08\/103392206_1215589748778669_2362555778479430882_n.jpg\" class=\"attachment-large size-large\" alt=\"\" decoding=\"async\" loading=\"lazy\" srcset=\"https:\/\/daykemsupham.edu.vn\/wp-content\/uploads\/2021\/08\/103392206_1215589748778669_2362555778479430882_n.jpg 960w, https:\/\/daykemsupham.edu.vn\/wp-content\/uploads\/2021\/08\/103392206_1215589748778669_2362555778479430882_n-510x333.jpg 510w, https:\/\/daykemsupham.edu.vn\/wp-content\/uploads\/2021\/08\/103392206_1215589748778669_2362555778479430882_n-300x196.jpg 300w, https:\/\/daykemsupham.edu.vn\/wp-content\/uploads\/2021\/08\/103392206_1215589748778669_2362555778479430882_n-768x501.jpg 768w, https:\/\/daykemsupham.edu.vn\/wp-content\/uploads\/2021\/08\/103392206_1215589748778669_2362555778479430882_n-600x391.jpg 600w\" sizes=\"(max-width: 960px) 100vw, 960px\" \/>\t\t\t\t\t\t\n\t\t\t\t\t<\/div>\n\t\t\t\t\t\t\t\t\n<style>\n#image_180929523 {\n  width: 100%;\n}\n<\/style>\n\t<\/div>\n\t\n\t\t<\/div>\n\n\t\t\n<style>\n#section_1120297591 {\n  padding-top: 30px;\n  padding-bottom: 30px;\n}\n<\/style>\n\t<\/section>\n\t\n","protected":false},"excerpt":{"rendered":"","protected":false},"author":1,"featured_media":0,"parent":0,"menu_order":0,"comment_status":"closed","ping_status":"closed","template":"","meta":[],"yoast_head":"<!-- This site is optimized with the Yoast SEO plugin v19.14 - https:\/\/yoast.com\/wordpress\/plugins\/seo\/ -->\n<title>\u0110\u0102NG K\u00dd L\u00c0M GIA S\u01af | TRUNG T\u00c2M GIA S\u01af S\u01af PH\u1ea0M LI\u00caN HOA<\/title>\n<meta name=\"robots\" content=\"index, follow, max-snippet:-1, max-image-preview:large, max-video-preview:-1\" \/>\n<link rel=\"canonical\" href=\"https:\/\/daykemsupham.edu.vn\/index.php\/dang-ky-lam-gia-su\/\" \/>\n<meta property=\"og:locale\" content=\"vi_VN\" \/>\n<meta property=\"og:type\" content=\"article\" \/>\n<meta property=\"og:title\" content=\"\u0110\u0102NG K\u00dd L\u00c0M GIA S\u01af | TRUNG T\u00c2M GIA S\u01af S\u01af PH\u1ea0M LI\u00caN HOA\" \/>\n<meta property=\"og:url\" content=\"https:\/\/daykemsupham.edu.vn\/index.php\/dang-ky-lam-gia-su\/\" \/>\n<meta property=\"og:site_name\" content=\"TRUNG T\u00c2M GIA S\u01af S\u01af PH\u1ea0M LI\u00caN HOA\" \/>\n<meta property=\"article:modified_time\" content=\"2024-08-23T09:09:25+00:00\" \/>\n<meta property=\"og:image\" content=\"https:\/\/daykemsupham.edu.vn\/wp-content\/uploads\/2021\/08\/335-3355144_seller-registration-icon-class-register-icon-png-286x300.jpg\" \/>\n<meta name=\"twitter:card\" content=\"summary_large_image\" \/>\n<meta name=\"twitter:label1\" content=\"\u01af\u1edbc t\u00ednh th\u1eddi gian \u0111\u1ecdc\" \/>\n\t<meta name=\"twitter:data1\" content=\"1 ph\u00fat\" \/>\n<script type=\"application\/ld+json\" class=\"yoast-schema-graph\">{\"@context\":\"https:\/\/schema.org\",\"@graph\":[{\"@type\":\"WebPage\",\"@id\":\"https:\/\/daykemsupham.edu.vn\/index.php\/dang-ky-lam-gia-su\/\",\"url\":\"https:\/\/daykemsupham.edu.vn\/index.php\/dang-ky-lam-gia-su\/\",\"name\":\"\u0110\u0102NG K\u00dd L\u00c0M GIA S\u01af | TRUNG T\u00c2M GIA S\u01af S\u01af PH\u1ea0M LI\u00caN HOA\",\"isPartOf\":{\"@id\":\"https:\/\/daykemsupham.edu.vn\/#website\"},\"datePublished\":\"2020-08-26T07:48:09+00:00\",\"dateModified\":\"2024-08-23T09:09:25+00:00\",\"breadcrumb\":{\"@id\":\"https:\/\/daykemsupham.edu.vn\/index.php\/dang-ky-lam-gia-su\/#breadcrumb\"},\"inLanguage\":\"vi\",\"potentialAction\":[{\"@type\":\"ReadAction\",\"target\":[\"https:\/\/daykemsupham.edu.vn\/index.php\/dang-ky-lam-gia-su\/\"]}]},{\"@type\":\"BreadcrumbList\",\"@id\":\"https:\/\/daykemsupham.edu.vn\/index.php\/dang-ky-lam-gia-su\/#breadcrumb\",\"itemListElement\":[{\"@type\":\"ListItem\",\"position\":1,\"name\":\"Trang ch\u1ee7\",\"item\":\"https:\/\/daykemsupham.edu.vn\/\"},{\"@type\":\"ListItem\",\"position\":2,\"name\":\"\u0110\u0102NG K\u00dd L\u00c0M GIA S\u01af\"}]},{\"@type\":\"WebSite\",\"@id\":\"https:\/\/daykemsupham.edu.vn\/#website\",\"url\":\"https:\/\/daykemsupham.edu.vn\/\",\"name\":\"TRUNG T\u00c2M GIA S\u01af S\u01af PH\u1ea0M LI\u00caN HOA\",\"description\":\"\",\"publisher\":{\"@id\":\"https:\/\/daykemsupham.edu.vn\/#\/schema\/person\/541566b20ae76355fe50b49911f7033b\"},\"potentialAction\":[{\"@type\":\"SearchAction\",\"target\":{\"@type\":\"EntryPoint\",\"urlTemplate\":\"https:\/\/daykemsupham.edu.vn\/?s={search_term_string}\"},\"query-input\":\"required name=search_term_string\"}],\"inLanguage\":\"vi\"},{\"@type\":[\"Person\",\"Organization\"],\"@id\":\"https:\/\/daykemsupham.edu.vn\/#\/schema\/person\/541566b20ae76355fe50b49911f7033b\",\"name\":\"giasusuphamlienhoa\",\"image\":{\"@type\":\"ImageObject\",\"inLanguage\":\"vi\",\"@id\":\"https:\/\/daykemsupham.edu.vn\/#\/schema\/person\/image\/\",\"url\":\"https:\/\/daykemsupham.edu.vn\/wp-content\/uploads\/2020\/08\/LIEN-HOA-04.png\",\"contentUrl\":\"https:\/\/daykemsupham.edu.vn\/wp-content\/uploads\/2020\/08\/LIEN-HOA-04.png\",\"width\":1113,\"height\":874,\"caption\":\"giasusuphamlienhoa\"},\"logo\":{\"@id\":\"https:\/\/daykemsupham.edu.vn\/#\/schema\/person\/image\/\"},\"sameAs\":[\"http:\/\/daykemsupham.edu.vn\"]}]}<\/script>\n<!-- \/ Yoast SEO plugin. -->","yoast_head_json":{"title":"\u0110\u0102NG K\u00dd L\u00c0M GIA S\u01af | TRUNG T\u00c2M GIA S\u01af S\u01af PH\u1ea0M LI\u00caN HOA","robots":{"index":"index","follow":"follow","max-snippet":"max-snippet:-1","max-image-preview":"max-image-preview:large","max-video-preview":"max-video-preview:-1"},"canonical":"https:\/\/daykemsupham.edu.vn\/index.php\/dang-ky-lam-gia-su\/","og_locale":"vi_VN","og_type":"article","og_title":"\u0110\u0102NG K\u00dd L\u00c0M GIA S\u01af | TRUNG T\u00c2M GIA S\u01af S\u01af PH\u1ea0M LI\u00caN HOA","og_url":"https:\/\/daykemsupham.edu.vn\/index.php\/dang-ky-lam-gia-su\/","og_site_name":"TRUNG T\u00c2M GIA S\u01af S\u01af PH\u1ea0M LI\u00caN HOA","article_modified_time":"2024-08-23T09:09:25+00:00","og_image":[{"url":"https:\/\/daykemsupham.edu.vn\/wp-content\/uploads\/2021\/08\/335-3355144_seller-registration-icon-class-register-icon-png-286x300.jpg"}],"twitter_card":"summary_large_image","twitter_misc":{"\u01af\u1edbc t\u00ednh th\u1eddi gian \u0111\u1ecdc":"1 ph\u00fat"},"schema":{"@context":"https:\/\/schema.org","@graph":[{"@type":"WebPage","@id":"https:\/\/daykemsupham.edu.vn\/index.php\/dang-ky-lam-gia-su\/","url":"https:\/\/daykemsupham.edu.vn\/index.php\/dang-ky-lam-gia-su\/","name":"\u0110\u0102NG K\u00dd L\u00c0M GIA S\u01af | TRUNG T\u00c2M GIA S\u01af S\u01af PH\u1ea0M LI\u00caN HOA","isPartOf":{"@id":"https:\/\/daykemsupham.edu.vn\/#website"},"datePublished":"2020-08-26T07:48:09+00:00","dateModified":"2024-08-23T09:09:25+00:00","breadcrumb":{"@id":"https:\/\/daykemsupham.edu.vn\/index.php\/dang-ky-lam-gia-su\/#breadcrumb"},"inLanguage":"vi","potentialAction":[{"@type":"ReadAction","target":["https:\/\/daykemsupham.edu.vn\/index.php\/dang-ky-lam-gia-su\/"]}]},{"@type":"BreadcrumbList","@id":"https:\/\/daykemsupham.edu.vn\/index.php\/dang-ky-lam-gia-su\/#breadcrumb","itemListElement":[{"@type":"ListItem","position":1,"name":"Trang ch\u1ee7","item":"https:\/\/daykemsupham.edu.vn\/"},{"@type":"ListItem","position":2,"name":"\u0110\u0102NG K\u00dd L\u00c0M GIA S\u01af"}]},{"@type":"WebSite","@id":"https:\/\/daykemsupham.edu.vn\/#website","url":"https:\/\/daykemsupham.edu.vn\/","name":"TRUNG T\u00c2M GIA S\u01af S\u01af PH\u1ea0M LI\u00caN HOA","description":"","publisher":{"@id":"https:\/\/daykemsupham.edu.vn\/#\/schema\/person\/541566b20ae76355fe50b49911f7033b"},"potentialAction":[{"@type":"SearchAction","target":{"@type":"EntryPoint","urlTemplate":"https:\/\/daykemsupham.edu.vn\/?s={search_term_string}"},"query-input":"required name=search_term_string"}],"inLanguage":"vi"},{"@type":["Person","Organization"],"@id":"https:\/\/daykemsupham.edu.vn\/#\/schema\/person\/541566b20ae76355fe50b49911f7033b","name":"giasusuphamlienhoa","image":{"@type":"ImageObject","inLanguage":"vi","@id":"https:\/\/daykemsupham.edu.vn\/#\/schema\/person\/image\/","url":"https:\/\/daykemsupham.edu.vn\/wp-content\/uploads\/2020\/08\/LIEN-HOA-04.png","contentUrl":"https:\/\/daykemsupham.edu.vn\/wp-content\/uploads\/2020\/08\/LIEN-HOA-04.png","width":1113,"height":874,"caption":"giasusuphamlienhoa"},"logo":{"@id":"https:\/\/daykemsupham.edu.vn\/#\/schema\/person\/image\/"},"sameAs":["http:\/\/daykemsupham.edu.vn"]}]}},"_links":{"self":[{"href":"https:\/\/daykemsupham.edu.vn\/index.php\/wp-json\/wp\/v2\/pages\/29"}],"collection":[{"href":"https:\/\/daykemsupham.edu.vn\/index.php\/wp-json\/wp\/v2\/pages"}],"about":[{"href":"https:\/\/daykemsupham.edu.vn\/index.php\/wp-json\/wp\/v2\/types\/page"}],"author":[{"embeddable":true,"href":"https:\/\/daykemsupham.edu.vn\/index.php\/wp-json\/wp\/v2\/users\/1"}],"replies":[{"embeddable":true,"href":"https:\/\/daykemsupham.edu.vn\/index.php\/wp-json\/wp\/v2\/comments?post=29"}],"version-history":[{"count":13,"href":"https:\/\/daykemsupham.edu.vn\/index.php\/wp-json\/wp\/v2\/pages\/29\/revisions"}],"predecessor-version":[{"id":1039,"href":"https:\/\/daykemsupham.edu.vn\/index.php\/wp-json\/wp\/v2\/pages\/29\/revisions\/1039"}],"wp:attachment":[{"href":"https:\/\/daykemsupham.edu.vn\/index.php\/wp-json\/wp\/v2\/media?parent=29"}],"curies":[{"name":"wp","href":"https:\/\/api.w.org\/{rel}","templated":true}]}}